{"id":7,"date":"2013-03-04T13:12:09","date_gmt":"2013-03-04T11:12:09","guid":{"rendered":"http:\/\/www.guenter-reifert.com\/?page_id=7"},"modified":"2013-05-12T22:47:32","modified_gmt":"2013-05-12T20:47:32","slug":"service","status":"publish","type":"page","link":"https:\/\/www.mirko-reifert.de\/?page_id=7","title":{"rendered":"Service"},"content":{"rendered":"<h3><span style=\"color: #000000;\">Ihre Vorteile durch unseren Service:<\/span><\/h3>\n<ul>\n<li><span style=\"color: #000000;\">geschulte Techniker sichern qualitativ hochwertigen und zuverl\u00e4ssigen Service<\/span><\/li>\n<li><span style=\"color: #000000;\">st\u00e4ndige Schulungen bei den Herstellern sichern das hohe Serviceniveau<\/span><\/li>\n<li><span style=\"color: #000000;\">autorisierter Servicepartner der Hersteller &#8222;Nussbaum&#8220; und &#8222;Beissbarth&#8220;<\/span><\/li>\n<li><span style=\"color: #000000;\">Komplettabdeckung f\u00fcr den Service in unserem Verkaufsgebiet<\/span><\/li>\n<\/ul>\n<h3><span style=\"color: #000000;\">Vielzahl von Servicearbeiten aus einer Hand, wie:<\/span><\/h3>\n<ul>\n<li><span style=\"color: #000000;\">Installation von Druckluftanlagen, Absauganlagen, Montage und Installation von Hebeb\u00fchnen, Bremsenpr\u00fcfst\u00e4nden, Pr\u00fcfstra\u00dfen uvm.<\/span><\/li>\n<li><span style=\"color: #000000;\">umfangreiche Einweisung in die Ger\u00e4te im Anschluss an die Montage<\/span><\/li>\n<\/ul>\n<p><span style=\"color: #000000;\">Unser Serviceteam steht Ihnen zu den gesetzlich vorgeschriebenen \u00dcberpr\u00fcfungen zur Verf\u00fcgung.\u00a0Wir garantieren und \u00fcberwachen f\u00fcr Sie die gesetzlich vorgeschriebenen Pr\u00fcftermine.\u00a0Wir informieren Sie rechtzeitig \u00fcber anstehende \u00dcberpr\u00fcfungen und stimmen einen f\u00fcr Sie geeigneten Termin ab.<\/span><\/p>\n<h3><span style=\"color: #000000;\">Sie sparen durch:<\/span><\/h3>\n<ul>\n<li><span style=\"color: #000000;\">kosteng\u00fcnstige Wartungen nach den Hersteller-Vorschriften in Verbindung mit der gesetzlich vorgeschriebenen Sicherheits\u00fcberpr\u00fcfung<\/span><\/li>\n<li><span style=\"color: #000000;\">g\u00fcnstige Pauschalpreise ohne zus\u00e4tzliche Fahrt- und Arbeitszeitkosten<\/span><\/li>\n<li><span style=\"color: #000000;\">g\u00fcnstige Reparaturen in Verbindung mit der Wartung und Sicherheits\u00fcberpr\u00fcfung<\/span><\/li>\n<li><span style=\"color: #000000;\">H\u00e4ufig ben\u00f6tigte Verschlei\u00df- und Ersatzleile haben unsere komplett ausger\u00fcsteten Servicefahrzeuge stehts an Bord.<\/span><\/li>\n<\/ul>\n<p><span style=\"color: #000000;\">Listen Sie uns Ihre Werkstatttechnik auf, wir erstellen Ihnen ein Angebot.<\/span><\/p>\n<h3><span style=\"color: #000000;\">\u00dcbersicht der Serviceleistungen:<\/span><\/h3>\n<ul>\n<li><span style=\"color: #000000;\">Sicherheits\u00fcberpr\u00fcfung der Hebetechnik nach BGR 500 \/ UVV 14, VBG 14 \u00a739 in Verbindung mit der Betriebssicherheitsverordnung<\/span><\/li>\n<li><span style=\"color: #000000;\">Sicherheits\u00fcberpr\u00fcfung kraftbet\u00e4tigter T\u00fcren, Tore und Fenster nach ZH1 \/580.1<\/span><\/li>\n<li><span style=\"color: #000000;\">St\u00fcckpr\u00fcfung und Kalibrierung von Bremsenpr\u00fcfst\u00e4nden nach \u00a7\u00a7 29, 41 StVZO sowie Pr\u00fcfung nach ISO 9001:2000<\/span><\/li>\n<li><span style=\"color: #000000;\">Pr\u00fcfung von Abgas-Absauganlagen gem\u00e4\u00df \u00a7 53 Abs. 2 der Arbeistst\u00e4ttenverordnung<\/span><\/li>\n<li><span style=\"color: #000000;\">Kalibrierung von Wuchtmaschinen und Achsmessger\u00e4ten sowie Pr\u00fcfung nach ISO 9001:2000<\/span><\/li>\n<li><span style=\"color: #000000;\">Kalibrierung \/ Service von Klimaanlagen-Serviceger\u00e4ten<\/span><\/li>\n<li><span style=\"color: #000000;\">Pr\u00fcfungen nach QMW 1.0 in MB-Werkst\u00e4tten<\/span><\/li>\n<\/ul>\n<h3 style=\"text-align: left;\"><span style=\"color: #000000;\">Werkstattger\u00e4t defekt? Wir helfen!<\/span><\/h3>\n<ul>\n<li><span style=\"color: #000000;\">telefonische Fehlerdiagnose und Anweisungen zum Weiterbetrieb<\/span><\/li>\n<li><span style=\"color: #000000;\">spart Kosten<\/span><\/li>\n<li><span style=\"color: #000000;\">telefonische Soforthilfe f\u00fcr Notablass von Hebeb\u00fchnen in Verbindung mit dem Pr\u00fcfbuch.<\/span><\/li>\n<li><span style=\"color: #000000;\">Schneller Vor-Ort-Service im Reparaturfall<\/span><\/li>\n<li><span style=\"color: #000000;\">h\u00e4ufigste Ersatzteile sind sofort verf\u00fcgbar<\/span><\/li>\n<\/ul>\n<p><a href=\"http:\/\/www.guenter-reifert.com\/wp-content\/uploads\/DSC_0306.jpg\"><img loading=\"lazy\" decoding=\"async\" class=\"alignnone size-1_column wp-image-1553\" alt=\"DSC_0306\" src=\"http:\/\/www.guenter-reifert.com\/wp-content\/uploads\/DSC_0306-560x370.jpg\" width=\"560\" height=\"370\" srcset=\"https:\/\/www.mirko-reifert.de\/wp-content\/uploads\/DSC_0306-560x370.jpg 560w, https:\/\/www.mirko-reifert.de\/wp-content\/uploads\/DSC_0306-150x99.jpg 150w, https:\/\/www.mirko-reifert.de\/wp-content\/uploads\/DSC_0306-300x198.jpg 300w, https:\/\/www.mirko-reifert.de\/wp-content\/uploads\/DSC_0306-260x172.jpg 260w, https:\/\/www.mirko-reifert.de\/wp-content\/uploads\/DSC_0306-160x105.jpg 160w, https:\/\/www.mirko-reifert.de\/wp-content\/uploads\/DSC_0306-75x49.jpg 75w, https:\/\/www.mirko-reifert.de\/wp-content\/uploads\/DSC_0306.jpg 906w\" sizes=\"auto, (max-width: 560px) 100vw, 560px\" \/><\/a><\/p>\n","protected":false},"excerpt":{"rendered":"<p>Ihre Vorteile durch unseren Service: geschulte Techniker sichern qualitativ hochwertigen und zuverl\u00e4ssigen Service st\u00e4ndige Schulungen bei den Herstellern sichern das hohe Serviceniveau autorisierter Servicepartner der&hellip;<\/p>\n","protected":false},"author":3,"featured_media":0,"parent":0,"menu_order":6,"comment_status":"closed","ping_status":"closed","template":"","meta":{"footnotes":""},"class_list":["post-7","page","type-page","status-publish","hentry"],"_links":{"self":[{"href":"https:\/\/www.mirko-reifert.de\/index.php?rest_route=\/wp\/v2\/pages\/7","targetHints":{"allow":["GET"]}}],"collection":[{"href":"https:\/\/www.mirko-reifert.de\/index.php?rest_route=\/wp\/v2\/pages"}],"about":[{"href":"https:\/\/www.mirko-reifert.de\/index.php?rest_route=\/wp\/v2\/types\/page"}],"author":[{"embeddable":true,"href":"https:\/\/www.mirko-reifert.de\/index.php?rest_route=\/wp\/v2\/users\/3"}],"replies":[{"embeddable":true,"href":"https:\/\/www.mirko-reifert.de\/index.php?rest_route=%2Fwp%2Fv2%2Fcomments&post=7"}],"version-history":[{"count":22,"href":"https:\/\/www.mirko-reifert.de\/index.php?rest_route=\/wp\/v2\/pages\/7\/revisions"}],"predecessor-version":[{"id":1653,"href":"https:\/\/www.mirko-reifert.de\/index.php?rest_route=\/wp\/v2\/pages\/7\/revisions\/1653"}],"wp:attachment":[{"href":"https:\/\/www.mirko-reifert.de\/index.php?rest_route=%2Fwp%2Fv2%2Fmedia&parent=7"}],"curies":[{"name":"wp","href":"https:\/\/api.w.org\/{rel}","templated":true}]}}