{"id":500,"date":"2013-03-10T22:23:03","date_gmt":"2013-03-10T20:23:03","guid":{"rendered":"http:\/\/www.guenter-reifert.com\/?page_id=500"},"modified":"2017-09-29T12:44:23","modified_gmt":"2017-09-29T11:44:23","slug":"mld-615","status":"publish","type":"page","link":"https:\/\/www.mirko-reifert.de\/?page_id=500","title":{"rendered":"MLD 615"},"content":{"rendered":"<h3>MLD 615 Scheinwerfereinstellger\u00e4t<\/h3>\n<table border=\"0\">\n<tbody>\n<tr>\n<td style=\"width: 60%;\"><strong>[nggalbum id=22 template=extend]<\/strong><strong>Bitte anklicken zum Vergr\u00f6\u00dfern<\/strong><\/td>\n<td valign=\"top\">\n<h4><img loading=\"lazy\" decoding=\"async\" class=\"alignnone size-medium wp-image-1732\" src=\"http:\/\/www.guenter-reifert.com\/wp-content\/uploads\/oragetblob-300x64.jpg\" alt=\"oragetblob\" width=\"169\" height=\"45\" \/><\/h4>\n<h4>Downloads (PDF):<\/h4>\n<ul>\n<li><a href=\"http:\/\/www.guenter-reifert.com\/wp-content\/uploads\/Lichteinstellger\u00e4t_MLD_615.pdf\">Lichteinstellger\u00e4t_MLD_615<\/a><\/li>\n<\/ul>\n<\/td>\n<\/tr>\n<\/tbody>\n<\/table>\n<div style=\"display: none;\" class=\"fancybox-hidden\">\n<div id=\"contact_form_pop\" style=\"padding: 10px; background: #fff;\">\n<div>Sie m\u00f6chten ein individuelles Angebot f\u00fcr das Produkt: <strong>[insert_php]echo get_the_title();[\/insert_php]<\/strong><\/div>\n<div>Bitte tragen Sie <strong>Ihre Kontaktdaten<\/strong> in die nachfolgenden Felder ein.<\/div>\n<p>[contact-form-7 id=&#8220;1963&#8243; title=&#8220;Anfrage&#8220;]\n<\/p><\/div>\n<\/div>\n<p><a class=\"fancybox-inline\" href=\"#contact_form_pop\"><button>Angebot anfordern<\/button><\/a><\/p>\n<h4><strong>Highlights:<\/strong><\/h4>\n<ul>\n<li>einsetzbar f\u00fcr alle Scheinwerfersysteme<\/li>\n<li>automatische Programmf\u00fchrung<\/li>\n<li>m\u00fchelose H\u00f6henpositionierung<\/li>\n<li>hohe Messgenauigkeit<\/li>\n<\/ul>\n<p>&nbsp;<\/p>\n<h4><strong>Detail-Info:<\/strong><\/h4>\n<ul>\n<li>einsetzbar f\u00fcr alle Scheinwerfersysteme (Halogen, Xenon und LED)<\/li>\n<li>f\u00fcr Hauptscheinwerfer, Zusatzfernscheinwerfer und Zusatznebelscheinwerfer geeignet<\/li>\n<li>automatische Programmf\u00fchrung f\u00fcr reine \u00dcberpr\u00fcfung<\/li>\n<li>manuell w\u00e4hlbare Einzelfunktionen f\u00fcr Einstellarbeiten<\/li>\n<li>m\u00fchelose H\u00f6henpositionierung<\/li>\n<li>Laser-Visier erlaubt eine parallele Positionierung zum Fahrzeug<\/li>\n<li>Punktlaser zur genauen Positionierung des Lichtkastens auf das Zentzrum der Lichteinheit<\/li>\n<li>ein LCD-Display mit Hintergrundbeleuchtung f\u00fcr die Men\u00fcf\u00fchrung und die Messwertanzeige<\/li>\n<li>eine Messprogrammanzeige f\u00fcr verschiedene Lichtsysteme mit LED Indikatoren<\/li>\n<li>eine Positionierungsanzeige mit LED Indikatoren<\/li>\n<li>Hell-Dunkel-Linie bzw. der Grenzwert f\u00fcr die Neigung mittels Drehknopf einstellbar<\/li>\n<li>Neigung von Abblendlicht und Nebelscheinwerfer wird als digitaler Wert angezeigt<\/li>\n<li>Positionierung und die Lichtst\u00e4rke in LUX<\/li>\n<li>Digitalluxmeter: \u00dcberpr\u00fcfung der LUX-Werte mit Aussage \u00fcber gealterte Halogengl\u00fchlampen. Austauschempfehlung f\u00fcr Gl\u00fchlampen mit st\u00e4rkerer Leuchtkraft<\/li>\n<li>Ausdruck \u00fcber Streifendrucker oder \u00dcbermittlung \u00fcber eine Schnittstelle an ein Auftragsabwicklungssystem<\/li>\n<li>hohe Messgenauigkeit<\/li>\n<\/ul>\n<h4><strong>Technische Daten:<\/strong><\/h4>\n<h4><strong>Messbereich &#8211; Ausrichtung:<\/strong><\/h4>\n<ul>\n<li>oben und unten: +200 mm ; -400 mm (+2% ; -4 %)<\/li>\n<li>rechts und links: low beam: +300 mm : &#8211; 300 mm (+3%; -3%) high beam: +50 mm ; \u2013300 mm (+0,5 ; -3 %)<\/li>\n<\/ul>\n<h4><strong>Leuchtst\u00e4rke:<\/strong><\/h4>\n<ul>\n<li>0 &#8211; 240 lx (Lux\/25 m)<\/li>\n<li>0 &#8211; 150.000 cd (Kerze)<\/li>\n<li>0 \u2013 150.000 lx (Lux\/1 m)<\/li>\n<\/ul>\n<h4><strong>Allgemeine Daten<\/strong><\/h4>\n<ul>\n<li>Messeinheit der Ausrichtung: % &#8211; cm\/10 m \u2013 Grad (\u00b0)<\/li>\n<li>Verstellweg Linsenmitte gegen\u00fcber Boden: 240 bis 1450 mm<\/li>\n<li>Versorgungsspannung mit interner Batterie: 12 V<\/li>\n<li>Eingangsspannung des Batterieladeger\u00e4ts: 100 \u2013 240 V 50\/60 Hz<\/li>\n<li>Arbeitstemperatur + 5\u00b0C &#8211; + 45\u00b0C<\/li>\n<li>B\/H\/L: 660\/1780\/695 mm<\/li>\n<li>Gewicht : 30 kg<\/li>\n<li>Schnittstelle: RS232 (auch geeignet f\u00fcr Bluetooth Module)<\/li>\n<\/ul>\n<p><strong>\u00c4nderungen in der Technik und Ausstattung bleiben vorbehalten. Bilder k\u00f6nnen Sonderzubeh\u00f6r beinhalten.<\/strong><\/p>\n","protected":false},"excerpt":{"rendered":"<p>MLD 615 Scheinwerfereinstellger\u00e4t [nggalbum id=22 template=extend]Bitte anklicken zum Vergr\u00f6\u00dfern Downloads (PDF): Lichteinstellger\u00e4t_MLD_615 Sie m\u00f6chten ein individuelles Angebot f\u00fcr das Produkt: [insert_php]echo get_the_title();[\/insert_php] Bitte tragen Sie&hellip;<\/p>\n","protected":false},"author":3,"featured_media":1058,"parent":161,"menu_order":1,"comment_status":"closed","ping_status":"closed","template":"","meta":{"footnotes":""},"class_list":["post-500","page","type-page","status-publish","has-post-thumbnail","hentry"],"_links":{"self":[{"href":"https:\/\/www.mirko-reifert.de\/index.php?rest_route=\/wp\/v2\/pages\/500","targetHints":{"allow":["GET"]}}],"collection":[{"href":"https:\/\/www.mirko-reifert.de\/index.php?rest_route=\/wp\/v2\/pages"}],"about":[{"href":"https:\/\/www.mirko-reifert.de\/index.php?rest_route=\/wp\/v2\/types\/page"}],"author":[{"embeddable":true,"href":"https:\/\/www.mirko-reifert.de\/index.php?rest_route=\/wp\/v2\/users\/3"}],"replies":[{"embeddable":true,"href":"https:\/\/www.mirko-reifert.de\/index.php?rest_route=%2Fwp%2Fv2%2Fcomments&post=500"}],"version-history":[{"count":21,"href":"https:\/\/www.mirko-reifert.de\/index.php?rest_route=\/wp\/v2\/pages\/500\/revisions"}],"predecessor-version":[{"id":2386,"href":"https:\/\/www.mirko-reifert.de\/index.php?rest_route=\/wp\/v2\/pages\/500\/revisions\/2386"}],"up":[{"embeddable":true,"href":"https:\/\/www.mirko-reifert.de\/index.php?rest_route=\/wp\/v2\/pages\/161"}],"wp:featuredmedia":[{"embeddable":true,"href":"https:\/\/www.mirko-reifert.de\/index.php?rest_route=\/wp\/v2\/media\/1058"}],"wp:attachment":[{"href":"https:\/\/www.mirko-reifert.de\/index.php?rest_route=%2Fwp%2Fv2%2Fmedia&parent=500"}],"curies":[{"name":"wp","href":"https:\/\/api.w.org\/{rel}","templated":true}]}}