{"id":493,"date":"2013-03-10T22:16:10","date_gmt":"2013-03-10T20:16:10","guid":{"rendered":"http:\/\/www.guenter-reifert.com\/?page_id=493"},"modified":"2017-09-29T12:43:19","modified_gmt":"2017-09-29T11:43:19","slug":"bd-600-640-pkw","status":"publish","type":"page","link":"https:\/\/www.mirko-reifert.de\/?page_id=493","title":{"rendered":"BD 600 PKW"},"content":{"rendered":"<h3>BD 600 Bremsenpr\u00fcfstand<\/h3>\n<table border=\"0\">\n<tbody>\n<tr>\n<td style=\"width: 60%;\"><strong>[nggalbum id=27 template=extend]<\/strong><strong>Bitte anklicken zum Vergr\u00f6\u00dfern<\/strong><\/td>\n<td valign=\"top\">\n<h4><img loading=\"lazy\" decoding=\"async\" class=\"alignnone size-medium wp-image-1732\" alt=\"oragetblob\" src=\"http:\/\/www.guenter-reifert.com\/wp-content\/uploads\/oragetblob-300x64.jpg\" width=\"169\" height=\"45\" \/><\/h4>\n<h4>Downloads (PDF):<\/h4>\n<ul>\n<li><a href=\"http:\/\/www.guenter-reifert.com\/wp-content\/uploads\/BD-600-DEEN-2008-09-06.pdf\">Prospekt_BD_600<\/a><\/li>\n<\/ul>\n<\/td>\n<\/tr>\n<\/tbody>\n<\/table>\n<div style=\"display: none;\" class=\"fancybox-hidden\">\n<div id=\"contact_form_pop\" style=\"padding: 10px; background: #fff;\">\n<div>Sie m\u00f6chten ein individuelles Angebot f\u00fcr das Produkt: <strong>[insert_php]echo get_the_title();[\/insert_php]<\/strong><\/div>\n<div>Bitte tragen Sie <strong>Ihre Kontaktdaten<\/strong> in die nachfolgenden Felder ein.<\/div>\n<p>[contact-form-7 id=&#8220;1963&#8243; title=&#8220;Anfrage&#8220;]\n<\/p><\/div>\n<\/div>\n<p><a class=\"fancybox-inline\" href=\"#contact_form_pop\"><button>Angebot anfordern<\/button><\/a><\/p>\n<h4><strong>Highlights:<\/strong><\/h4>\n<ul>\n<li>ASA-Livestrem-Schnittstelle<\/li>\n<li>Speedsensoren ASA<\/li>\n<li>feuerverzinkter geschlossener Rollensatz<\/li>\n<li>3-fach-Anzeigeskala f\u00fcr Bremskr\u00e4fte bis 8 kN und Toleranzanzeige der Bremskraftdifferenz<\/li>\n<li>Rollendurchmesser 205 mm<\/li>\n<li>Pr\u00fcfgeschwindigkeit 5,2 km \/ h<\/li>\n<li>Spurweiten von 800 bis max. 2.240 mm<\/li>\n<li>Weltweite OEM Freigaben<\/li>\n<\/ul>\n<h4><strong>Freigaben \/ Empfehlungen:<\/strong><\/h4>\n<p style=\"text-align: justify;\"><span style=\"color: #333333;\"><img loading=\"lazy\" decoding=\"async\" class=\"alignnone size-full wp-image-1568\" alt=\"BMW\" src=\"http:\/\/www.guenter-reifert.com\/wp-content\/uploads\/BMW_logo1.jpg\" width=\"50\" height=\"50\" \/><img loading=\"lazy\" decoding=\"async\" class=\"alignnone size-full wp-image-1568\" alt=\"Mini\" src=\"http:\/\/www.guenter-reifert.com\/wp-content\/uploads\/Mini_Logo.jpg\" width=\"50\" height=\"50\" \/><br \/>\n<\/span><\/p>\n<p style=\"text-align: justify;\"><img loading=\"lazy\" decoding=\"async\" class=\"alignnone size-full wp-image-1567\" alt=\"Mercedes_Benz_Logo\" src=\"http:\/\/www.guenter-reifert.com\/wp-content\/uploads\/Mercedes_Benz_Logo.jpg\" width=\"50\" height=\"50\" \/><img loading=\"lazy\" decoding=\"async\" class=\"alignnone size-full wp-image-1575\" alt=\"smart_logo\" src=\"http:\/\/www.guenter-reifert.com\/wp-content\/uploads\/smart_logo.jpg\" width=\"50\" height=\"50\" \/><\/p>\n<p style=\"text-align: justify;\"><img loading=\"lazy\" decoding=\"async\" class=\"alignnone size-full wp-image-1578\" alt=\"vw_logo\" src=\"http:\/\/www.guenter-reifert.com\/wp-content\/uploads\/vw_logo1.jpg\" width=\"50\" height=\"50\" \/><img loading=\"lazy\" decoding=\"async\" class=\"alignnone size-full wp-image-1561\" alt=\"Audi_logo\" src=\"http:\/\/www.guenter-reifert.com\/wp-content\/uploads\/Audi_logo.jpg\" width=\"50\" height=\"50\" \/><img loading=\"lazy\" decoding=\"async\" class=\"alignnone size-full wp-image-1574\" alt=\"skoda_logo\" src=\"http:\/\/www.guenter-reifert.com\/wp-content\/uploads\/skoda_logo.jpg\" width=\"50\" height=\"50\" \/><img loading=\"lazy\" decoding=\"async\" class=\"alignnone size-full wp-image-1573\" alt=\"seat_logo\" src=\"http:\/\/www.guenter-reifert.com\/wp-content\/uploads\/seat_logo.jpg\" width=\"50\" height=\"50\" \/><\/p>\n<p style=\"text-align: justify;\"><img loading=\"lazy\" decoding=\"async\" class=\"alignnone size-full wp-image-1570\" alt=\"Opel_Logo\" src=\"http:\/\/www.guenter-reifert.com\/wp-content\/uploads\/Opel_Logo.jpg\" width=\"50\" height=\"50\" \/><img loading=\"lazy\" decoding=\"async\" class=\"alignnone size-full wp-image-1564\" alt=\"Ford_logo\" src=\"http:\/\/www.guenter-reifert.com\/wp-content\/uploads\/Ford_logo.jpg\" width=\"50\" height=\"50\" \/><img loading=\"lazy\" decoding=\"async\" class=\"alignnone size-full wp-image-1571\" alt=\"Renault_logo\" src=\"http:\/\/www.guenter-reifert.com\/wp-content\/uploads\/Renault_logo.jpg\" width=\"50\" height=\"50\" \/><img loading=\"lazy\" decoding=\"async\" class=\"alignnone size-full wp-image-1582\" alt=\"volvo_logo\" src=\"http:\/\/www.guenter-reifert.com\/wp-content\/uploads\/volvo_logo1.jpg\" width=\"50\" height=\"50\" \/><img loading=\"lazy\" decoding=\"async\" class=\"alignnone size-full wp-image-1566\" alt=\"mazda_logo\" src=\"http:\/\/www.guenter-reifert.com\/wp-content\/uploads\/mazda_logo.jpg\" width=\"50\" height=\"50\" \/><\/p>\n<p><img loading=\"lazy\" decoding=\"async\" class=\"alignnone size-full wp-image-1576\" alt=\"toyota_logo\" src=\"http:\/\/www.guenter-reifert.com\/wp-content\/uploads\/toyota_logo.jpg\" width=\"50\" height=\"50\" \/><img loading=\"lazy\" decoding=\"async\" class=\"alignnone size-full wp-image-1565\" alt=\"Lexus_Logo\" src=\"http:\/\/www.guenter-reifert.com\/wp-content\/uploads\/Lexus_Logo.jpg\" width=\"50\" height=\"50\" \/><img loading=\"lazy\" decoding=\"async\" class=\"alignnone size-full wp-image-1563\" alt=\"citroen_logo\" src=\"http:\/\/www.guenter-reifert.com\/wp-content\/uploads\/citroen_logo.jpg\" width=\"50\" height=\"50\" \/><img loading=\"lazy\" decoding=\"async\" class=\"alignnone size-full wp-image-1581\" alt=\"daihatsu_logo1\" src=\"http:\/\/www.guenter-reifert.com\/wp-content\/uploads\/daihatsu_logo1.jpg\" width=\"50\" height=\"50\" \/><img loading=\"lazy\" decoding=\"async\" class=\"alignnone size-full wp-image-1572\" alt=\"Rolls_Royce_Logo\" src=\"http:\/\/www.guenter-reifert.com\/wp-content\/uploads\/Rolls_Royce_Logo.jpg\" width=\"50\" height=\"50\" \/><\/p>\n<h4><strong>Produktbeschreibung:<\/strong><\/h4>\n<ul>\n<li>Bremsenpr\u00fcfstand bis 4 t \u00dcberfahrlast, ausbauf\u00e4hig zur Pr\u00fcfstra\u00dfe mit Spurtester und Fahrwerktester (EUSAMA-Messprinzip)<\/li>\n<li>Messwertanzeige: Skala mit zwei Zeigern f\u00fcr die Anzeige der Bremsen- Spur- und Bodenhaftungswerte<\/li>\n<li>Programmierter Pr\u00fcfablauf in Superautomatik-Betrieb f\u00fcr Betriebs- und Parkbremse<\/li>\n<li>BNET-Technologie garantiert Netzwerkf\u00e4higkeit mit Kunden-PC oder anderen Pr\u00fcfger\u00e4ten<\/li>\n<li>Integrierte Tastrollen f\u00fcr Schlupfkontrolle und Sicherheits\u00fcberwachung<\/li>\n<li>Vollfeuerverzinkte Bodeneinheiten f\u00fcr lange Werterhaltung<\/li>\n<li>Rollens\u00e4tze mit Kunststoff-Korundbeschichtung schonen die Reifen<\/li>\n<li>Hintere Pr\u00fcfrolle 25 mm \u00fcberh\u00f6ht f\u00fcr optimale Traktion<\/li>\n<li>Plug and Play: Automatische Konfiguration des Pr\u00fcfstandes per Knopfdruck<\/li>\n<li>Bedienung \u00fcber Start\/Stopp-Taste oder IR-Fernbedienung<\/li>\n<li>Pr\u00fcfprogramm f\u00fcr elektronische Parkbremsen. Serienm\u00e4\u00dfig bei allen Modellen.<\/li>\n<li>Superautomatik-Betrieb. Diesen Beissbarth-Komfort werden Sie bei anderen St\u00e4nden lange suchen. Der serienm\u00e4\u00dfige Superautomatik-Betrieb sorgt f\u00fcr einen programmierten Ablauf des gesamten Pr\u00fcfvorganges bis zur automatischen Ausfahrhilfe.<\/li>\n<li>Vernetzungsf\u00e4hig \u00fcber ASA-Network<\/li>\n<li>Ausbaubar zur Pr\u00fcfstra\u00dfe<\/li>\n<li>PC-Visualisierung m\u00f6glich<\/li>\n<\/ul>\n<h4><strong>Technische Daten:<\/strong><\/h4>\n<ul>\n<li>Antriebsleistung 2 x 3,7 kW<\/li>\n<li>Maximale \u00dcberfahrlast 4 t<\/li>\n<li>Maximale Pr\u00fcflast \/ Achse: 2,5 t<\/li>\n<li>Pr\u00fcfgeschwindigkeit: 5,2 km\/h<\/li>\n<li>Anzeigebereich 0-8 kN<\/li>\n<li>Nominaler Messbereich 7,5 kN<\/li>\n<li>Minimale Spurweite 800 mm<\/li>\n<li>Maximale Spurweite 2.200 mm<\/li>\n<li>Rollendurchmesser 205 mm<\/li>\n<li>Rollenbreite 700 mm<\/li>\n<li>Rollen\u00fcberh\u00f6hung 25 mm<\/li>\n<li>Abmessungen (B\/L\/T) 2.360 \/ 660 \/ 250 mm<\/li>\n<\/ul>\n<h4><strong>Lieferumfang:<\/strong><\/h4>\n<ul>\n<li>Vollfeuerverzinkung<\/li>\n<li>ASA-Livestream-Schnittstelle<\/li>\n<li>Speed-Sensoren<\/li>\n<li>Kunststoff-Korundbeschichtung<\/li>\n<li>IR-Fernbedienung<\/li>\n<li>Abdeckbleche<\/li>\n<\/ul>\n<p><strong>\u00c4nderungen in der Technik und Ausstattung bleiben vorbehalten. Bilder k\u00f6nnen Sonderzubeh\u00f6r beinhalten.<\/strong><\/p>\n","protected":false},"excerpt":{"rendered":"<p>BD 600 Bremsenpr\u00fcfstand [nggalbum id=27 template=extend]Bitte anklicken zum Vergr\u00f6\u00dfern Downloads (PDF): Prospekt_BD_600 Sie m\u00f6chten ein individuelles Angebot f\u00fcr das Produkt: [insert_php]echo get_the_title();[\/insert_php] Bitte tragen Sie&hellip;<\/p>\n","protected":false},"author":3,"featured_media":1786,"parent":155,"menu_order":1,"comment_status":"closed","ping_status":"closed","template":"","meta":{"footnotes":""},"class_list":["post-493","page","type-page","status-publish","has-post-thumbnail","hentry"],"_links":{"self":[{"href":"https:\/\/www.mirko-reifert.de\/index.php?rest_route=\/wp\/v2\/pages\/493","targetHints":{"allow":["GET"]}}],"collection":[{"href":"https:\/\/www.mirko-reifert.de\/index.php?rest_route=\/wp\/v2\/pages"}],"about":[{"href":"https:\/\/www.mirko-reifert.de\/index.php?rest_route=\/wp\/v2\/types\/page"}],"author":[{"embeddable":true,"href":"https:\/\/www.mirko-reifert.de\/index.php?rest_route=\/wp\/v2\/users\/3"}],"replies":[{"embeddable":true,"href":"https:\/\/www.mirko-reifert.de\/index.php?rest_route=%2Fwp%2Fv2%2Fcomments&post=493"}],"version-history":[{"count":19,"href":"https:\/\/www.mirko-reifert.de\/index.php?rest_route=\/wp\/v2\/pages\/493\/revisions"}],"predecessor-version":[{"id":2381,"href":"https:\/\/www.mirko-reifert.de\/index.php?rest_route=\/wp\/v2\/pages\/493\/revisions\/2381"}],"up":[{"embeddable":true,"href":"https:\/\/www.mirko-reifert.de\/index.php?rest_route=\/wp\/v2\/pages\/155"}],"wp:featuredmedia":[{"embeddable":true,"href":"https:\/\/www.mirko-reifert.de\/index.php?rest_route=\/wp\/v2\/media\/1786"}],"wp:attachment":[{"href":"https:\/\/www.mirko-reifert.de\/index.php?rest_route=%2Fwp%2Fv2%2Fmedia&parent=493"}],"curies":[{"name":"wp","href":"https:\/\/api.w.org\/{rel}","templated":true}]}}