{"id":482,"date":"2013-03-10T22:09:58","date_gmt":"2013-03-10T20:09:58","guid":{"rendered":"http:\/\/www.guenter-reifert.com\/?page_id=482"},"modified":"2017-09-29T12:42:21","modified_gmt":"2017-09-29T11:42:21","slug":"ms-65-or-rac","status":"publish","type":"page","link":"https:\/\/www.mirko-reifert.de\/?page_id=482","title":{"rendered":"MS 65 OR RAC"},"content":{"rendered":"<h3>MS 65 OR RAC WDK Reifenmontierger\u00e4t<\/h3>\n<table border=\"0\">\n<tbody>\n<tr>\n<td style=\"width: 60%;\"><strong>[nggalbum id=16 template=extend]<\/strong><strong>Bitte anklicken zum Vergr\u00f6\u00dfern<\/strong><\/td>\n<td valign=\"top\">\n<h4><img loading=\"lazy\" decoding=\"async\" class=\"alignnone size-medium wp-image-1732\" alt=\"oragetblob\" src=\"http:\/\/www.guenter-reifert.com\/wp-content\/uploads\/oragetblob-300x64.jpg\" width=\"169\" height=\"45\" \/><\/h4>\n<h4>Downloads (PDF):<\/h4>\n<ul>\n<li><a href=\"http:\/\/www.guenter-reifert.com\/wp-content\/uploads\/Prospekt-MS65-RAC.NG_DEEN_100201.pdf\">Prospekt_MS65_RAC.NG<\/a><\/li>\n<\/ul>\n<\/td>\n<\/tr>\n<\/tbody>\n<\/table>\n<div style=\"display: none;\" class=\"fancybox-hidden\">\n<div id=\"contact_form_pop\" style=\"padding: 10px; background: #fff;\">\n<div>Sie m\u00f6chten ein individuelles Angebot f\u00fcr das Produkt: <strong>[insert_php]echo get_the_title();[\/insert_php]<\/strong><\/div>\n<div>Bitte tragen Sie <strong>Ihre Kontaktdaten<\/strong> in die nachfolgenden Felder ein.<\/div>\n<p>[contact-form-7 id=&#8220;1963&#8243; title=&#8220;Anfrage&#8220;]\n<\/p><\/div>\n<\/div>\n<p><a class=\"fancybox-inline\" href=\"#contact_form_pop\"><button>Angebot anfordern<\/button><\/a><\/p>\n<h4><strong>Highlights:<\/strong><\/h4>\n<ul>\n<li>Pneumatisch kippbarer Montagearm<\/li>\n<li>Tecnoroller Hilfsarm f\u00fcr Run-Flat, UHP und optional PAX<\/li>\n<li>Inkl. WDK-Kit, WDK zertifiziert<\/li>\n<li>Spannbackenverstellung bis 26\u201c au\u00dfen, 28\u201c innen<\/li>\n<li>Pneumatische H\u00f6henverstellung des Montagearmes f\u00fcr breite Felgen und Reifen<\/li>\n<li>Integrierter pneum. Reifenabdr\u00fccker, 5-fach verstellbar<\/li>\n<li>Pneum. 4-Klauen Spannung<\/li>\n<li>Elektr. Vor- und R\u00fccklauf<\/li>\n<li>Manuelle Freistellung des Montagewerkzeuges<\/li>\n<\/ul>\n<h4><strong>Freigaben \/ Empfehlungen:<\/strong><\/h4>\n<p style=\"text-align: justify;\"><span style=\"color: #333333;\"><img loading=\"lazy\" decoding=\"async\" class=\"alignnone size-full wp-image-1568\" alt=\"BMW\" src=\"http:\/\/www.guenter-reifert.com\/wp-content\/uploads\/BMW_logo1.jpg\" width=\"50\" height=\"50\" \/><img loading=\"lazy\" decoding=\"async\" class=\"alignnone size-full wp-image-1568\" alt=\"Mini\" src=\"http:\/\/www.guenter-reifert.com\/wp-content\/uploads\/Mini_Logo.jpg\" width=\"50\" height=\"50\" \/><br \/>\n<\/span><\/p>\n<p style=\"text-align: justify;\"><img loading=\"lazy\" decoding=\"async\" class=\"alignnone size-full wp-image-1567\" alt=\"Mercedes_Benz_Logo\" src=\"http:\/\/www.guenter-reifert.com\/wp-content\/uploads\/Mercedes_Benz_Logo.jpg\" width=\"50\" height=\"50\" \/><img loading=\"lazy\" decoding=\"async\" class=\"alignnone size-full wp-image-1575\" alt=\"smart_logo\" src=\"http:\/\/www.guenter-reifert.com\/wp-content\/uploads\/smart_logo.jpg\" width=\"50\" height=\"50\" \/><\/p>\n<p style=\"text-align: justify;\"><img loading=\"lazy\" decoding=\"async\" class=\"alignnone size-full wp-image-1578\" alt=\"vw_logo\" src=\"http:\/\/www.guenter-reifert.com\/wp-content\/uploads\/vw_logo1.jpg\" width=\"50\" height=\"50\" \/><img loading=\"lazy\" decoding=\"async\" class=\"alignnone size-full wp-image-1561\" alt=\"Audi_logo\" src=\"http:\/\/www.guenter-reifert.com\/wp-content\/uploads\/Audi_logo.jpg\" width=\"50\" height=\"50\" \/><img loading=\"lazy\" decoding=\"async\" class=\"alignnone size-full wp-image-1574\" alt=\"skoda_logo\" src=\"http:\/\/www.guenter-reifert.com\/wp-content\/uploads\/skoda_logo.jpg\" width=\"50\" height=\"50\" \/><img loading=\"lazy\" decoding=\"async\" class=\"alignnone size-full wp-image-1573\" alt=\"seat_logo\" src=\"http:\/\/www.guenter-reifert.com\/wp-content\/uploads\/seat_logo.jpg\" width=\"50\" height=\"50\" \/><\/p>\n<p style=\"text-align: justify;\"><img loading=\"lazy\" decoding=\"async\" class=\"alignnone size-full wp-image-1570\" alt=\"Opel_Logo\" src=\"http:\/\/www.guenter-reifert.com\/wp-content\/uploads\/Opel_Logo.jpg\" width=\"50\" height=\"50\" \/><img loading=\"lazy\" decoding=\"async\" class=\"alignnone size-full wp-image-1564\" alt=\"Ford_logo\" src=\"http:\/\/www.guenter-reifert.com\/wp-content\/uploads\/Ford_logo.jpg\" width=\"50\" height=\"50\" \/><img loading=\"lazy\" decoding=\"async\" class=\"alignnone size-full wp-image-1571\" alt=\"Renault_logo\" src=\"http:\/\/www.guenter-reifert.com\/wp-content\/uploads\/Renault_logo.jpg\" width=\"50\" height=\"50\" \/><img loading=\"lazy\" decoding=\"async\" class=\"alignnone size-full wp-image-1582\" alt=\"volvo_logo\" src=\"http:\/\/www.guenter-reifert.com\/wp-content\/uploads\/volvo_logo1.jpg\" width=\"50\" height=\"50\" \/><img loading=\"lazy\" decoding=\"async\" class=\"alignnone size-full wp-image-1566\" alt=\"mazda_logo\" src=\"http:\/\/www.guenter-reifert.com\/wp-content\/uploads\/mazda_logo.jpg\" width=\"50\" height=\"50\" \/><\/p>\n<p><img loading=\"lazy\" decoding=\"async\" class=\"alignnone size-full wp-image-1576\" alt=\"toyota_logo\" src=\"http:\/\/www.guenter-reifert.com\/wp-content\/uploads\/toyota_logo.jpg\" width=\"50\" height=\"50\" \/><img loading=\"lazy\" decoding=\"async\" class=\"alignnone size-full wp-image-1565\" alt=\"Lexus_Logo\" src=\"http:\/\/www.guenter-reifert.com\/wp-content\/uploads\/Lexus_Logo.jpg\" width=\"50\" height=\"50\" \/><img loading=\"lazy\" decoding=\"async\" class=\"alignnone size-full wp-image-1563\" alt=\"citroen_logo\" src=\"http:\/\/www.guenter-reifert.com\/wp-content\/uploads\/citroen_logo.jpg\" width=\"50\" height=\"50\" \/><img loading=\"lazy\" decoding=\"async\" class=\"alignnone size-full wp-image-1581\" alt=\"daihatsu_logo1\" src=\"http:\/\/www.guenter-reifert.com\/wp-content\/uploads\/daihatsu_logo1.jpg\" width=\"50\" height=\"50\" \/><img loading=\"lazy\" decoding=\"async\" class=\"alignnone size-full wp-image-1572\" alt=\"Rolls_Royce_Logo\" src=\"http:\/\/www.guenter-reifert.com\/wp-content\/uploads\/Rolls_Royce_Logo.jpg\" width=\"50\" height=\"50\" \/><\/p>\n<h4><strong>Produktbeschreibung:<\/strong><\/h4>\n<ul>\n<li>H\u00f6henverstellbare Montage-S\u00e4ule per Schalter f\u00fcr extra breite Felgen (Racining Position)<\/li>\n<li>Integrierter pneumatischer Reifenabdr\u00fccker mit 3-fach verstellbarer \u00d6ffnungsweite und verstellbarer Abdr\u00fcckschaufel in 3 L\u00e4ngspositionen, mit Gummigegenlagerung zur Felgenschonung<\/li>\n<li>Angebautes Rollenbett zur leichten Rad-Positionierung beim Abdr\u00fccken<\/li>\n<li>Pneumatische 4-Klauen-Spannung bis max. Au\u00dfenspannung bis 20 \u201c , \u00fcber steckbare Spannklauen zus\u00e4tzlich verstellbar auf 22\u201c, 24\u201c und 26\u201c.<\/li>\n<li>Elektrischer Vor- und R\u00fccklauf des Spanntellers in zwei Geschwindigkeiten<\/li>\n<li>Pneumatisch kippbare Montiers\u00e4ule, f\u00fcr Felgenbreiten bis max. 14\u201c.<\/li>\n<li>Modifizierter Montagekopf zur besch\u00e4digungsfreien Bearbeitung von Alu- und Softline-Felgen<\/li>\n<li>Pneumatische Arretierung des Montagekopfes mit automatischer Felgenfreistellung in vertikaler und horizontaler Richtung<\/li>\n<li>M\u00fchelose Reifendemontage\/-montage mit Hilfe des pneumatisch verstellbaren Tecnoroller-Hilfsarmes, mit 2 integrierten Pneumatik-Zylindern ( f\u00fcr doppelte Kr\u00e4fte; besonders wichtig im Offroad- und Pickup-Bereich, sowie bei allen Run Flat-Reifen ).<\/li>\n<li>Inklusive Tecnoroller-Hilfsarm zur problemlosen Montage \/ Demontage von Niederquerschnitts-Reifen und Notlauf-R\u00e4dern sowie WDK-Kit.<\/li>\n<li>Mit integriertem Druckbegrenzer f\u00fcr den Hand- Reifenf\u00fcller, Montiereisen und Betriebsanleitungen.<\/li>\n<\/ul>\n<h4><strong>Technische Daten:<\/strong><\/h4>\n<ul>\n<li>Felgenau\u00dfenspannung 10\u201c-26&#8243;<\/li>\n<li>Felgeninnenspannung 10\u201c-28\u201c<\/li>\n<li>Felgenbreite 3\u201c-14\u201c<\/li>\n<li>Max. Raddurchmesser 1000 mm<\/li>\n<li>Spannungsversorgung 3 x 400 V \/ 50 Hz<\/li>\n<li>Motorleistung 0,9 \/ 1,25 kW<\/li>\n<li>Luftdruck 8 bar<\/li>\n<li>Spannteller- Drehgeschwindigkeit 8 UPM<\/li>\n<li>Abmessungen H\/B\/T 1100\/1900\/1130 mm<\/li>\n<\/ul>\n<h4><strong>Lieferumfang:<\/strong><\/h4>\n<ul>\n<li>Pneumatische 4-Klauen Spannung<\/li>\n<li>Pneumatische Felgenfreistellung<\/li>\n<li>Pneumatischer Reifenabdr\u00fccker<\/li>\n<li>WDK-Kit<\/li>\n<li>Aluschutzbacken<\/li>\n<li>Gleitst\u00fcck (1 Satz kleine, 1 St\u00fcck gro\u00df)<\/li>\n<li>Automatische Freistellung der Montage-Werkzeuge<\/li>\n<li>Wartungseinheit<\/li>\n<li>Reifenbef\u00fcllung mit Manometer<\/li>\n<li>Kunststoffschoner f\u00fcr Abdr\u00fcckschaufel<\/li>\n<li>Montiereisen Run-Flat \/ UHP<\/li>\n<\/ul>\n<p><strong>\u00c4nderungen in der Technik und Ausstattung bleiben vorbehalten. Bilder k\u00f6nnen Sonderzubeh\u00f6r beinhalten.<\/strong><\/p>\n","protected":false},"excerpt":{"rendered":"<p>MS 65 OR RAC WDK Reifenmontierger\u00e4t [nggalbum id=16 template=extend]Bitte anklicken zum Vergr\u00f6\u00dfern Downloads (PDF): Prospekt_MS65_RAC.NG Sie m\u00f6chten ein individuelles Angebot f\u00fcr das Produkt: [insert_php]echo get_the_title();[\/insert_php]&hellip;<\/p>\n","protected":false},"author":3,"featured_media":1045,"parent":151,"menu_order":4,"comment_status":"closed","ping_status":"closed","template":"","meta":{"footnotes":""},"class_list":["post-482","page","type-page","status-publish","has-post-thumbnail","hentry"],"_links":{"self":[{"href":"https:\/\/www.mirko-reifert.de\/index.php?rest_route=\/wp\/v2\/pages\/482","targetHints":{"allow":["GET"]}}],"collection":[{"href":"https:\/\/www.mirko-reifert.de\/index.php?rest_route=\/wp\/v2\/pages"}],"about":[{"href":"https:\/\/www.mirko-reifert.de\/index.php?rest_route=\/wp\/v2\/types\/page"}],"author":[{"embeddable":true,"href":"https:\/\/www.mirko-reifert.de\/index.php?rest_route=\/wp\/v2\/users\/3"}],"replies":[{"embeddable":true,"href":"https:\/\/www.mirko-reifert.de\/index.php?rest_route=%2Fwp%2Fv2%2Fcomments&post=482"}],"version-history":[{"count":14,"href":"https:\/\/www.mirko-reifert.de\/index.php?rest_route=\/wp\/v2\/pages\/482\/revisions"}],"predecessor-version":[{"id":2376,"href":"https:\/\/www.mirko-reifert.de\/index.php?rest_route=\/wp\/v2\/pages\/482\/revisions\/2376"}],"up":[{"embeddable":true,"href":"https:\/\/www.mirko-reifert.de\/index.php?rest_route=\/wp\/v2\/pages\/151"}],"wp:featuredmedia":[{"embeddable":true,"href":"https:\/\/www.mirko-reifert.de\/index.php?rest_route=\/wp\/v2\/media\/1045"}],"wp:attachment":[{"href":"https:\/\/www.mirko-reifert.de\/index.php?rest_route=%2Fwp%2Fv2%2Fmedia&parent=482"}],"curies":[{"name":"wp","href":"https:\/\/api.w.org\/{rel}","templated":true}]}}