{"id":478,"date":"2013-03-10T22:07:22","date_gmt":"2013-03-10T20:07:22","guid":{"rendered":"http:\/\/www.guenter-reifert.com\/?page_id=478"},"modified":"2017-09-29T12:41:30","modified_gmt":"2017-09-29T11:41:30","slug":"ms-50","status":"publish","type":"page","link":"https:\/\/www.mirko-reifert.de\/?page_id=478","title":{"rendered":"MS 50"},"content":{"rendered":"<h3>MS 50 Reifenmontierger\u00e4t<\/h3>\n<table border=\"0\">\n<tbody>\n<tr>\n<td style=\"width: 60%;\"><strong>[nggalbum id=13 template=extend]<\/strong><strong>Bitte anklicken zum Vergr\u00f6\u00dfern<\/strong><\/td>\n<td valign=\"top\">\n<h4><img loading=\"lazy\" decoding=\"async\" class=\"alignnone size-medium wp-image-1732\" alt=\"oragetblob\" src=\"http:\/\/www.guenter-reifert.com\/wp-content\/uploads\/oragetblob-300x64.jpg\" width=\"169\" height=\"45\" \/><\/h4>\n<h4>Downloads (PDF):<\/h4>\n<ul>\n<li><a href=\"http:\/\/www.guenter-reifert.com\/wp-content\/uploads\/Prospekt-MS50_DEEN_100201.pdf\">Prospekt_MS50<\/a><\/li>\n<\/ul>\n<\/td>\n<\/tr>\n<\/tbody>\n<\/table>\n<div style=\"display: none;\" class=\"fancybox-hidden\">\n<div id=\"contact_form_pop\" style=\"padding: 10px; background: #fff;\">\n<div>Sie m\u00f6chten ein individuelles Angebot f\u00fcr das Produkt: <strong>[insert_php]echo get_the_title();[\/insert_php]<\/strong><\/div>\n<div>Bitte tragen Sie <strong>Ihre Kontaktdaten<\/strong> in die nachfolgenden Felder ein.<\/div>\n<p>[contact-form-7 id=&#8220;1963&#8243; title=&#8220;Anfrage&#8220;]\n<\/p><\/div>\n<\/div>\n<p><a class=\"fancybox-inline\" href=\"#contact_form_pop\"><button>Angebot anfordern<\/button><\/a><\/p>\n<h4><strong>Highlights:<\/strong><\/h4>\n<ul>\n<li>Pneumatisch kippbarer Montagearm<\/li>\n<li>Integrierter pneum. Reifenabdr\u00fccker<\/li>\n<li>Pneum. 4-Klauen Spannung<\/li>\n<li>Elektr. Vor- und R\u00fccklauf<\/li>\n<li>Manuelle Freistellung des Montagewerkzeuges<\/li>\n<li>Aufr\u00fcstbar mit Tecnoroller-Hilfsarm und WDK<\/li>\n<\/ul>\n<h4>Ausstattungsvarianten:<\/h4>\n<h4><strong>Tecnoroller-Hilfsarm nachr\u00fcstbar<br \/>\n<\/strong><\/h4>\n<h4><strong>Freigaben \/ Empfehlungen:<\/strong><\/h4>\n<p style=\"text-align: justify;\"><span style=\"color: #333333;\"><img loading=\"lazy\" decoding=\"async\" class=\"alignnone size-full wp-image-1568\" alt=\"BMW\" src=\"http:\/\/www.guenter-reifert.com\/wp-content\/uploads\/BMW_logo1.jpg\" width=\"50\" height=\"50\" \/><img loading=\"lazy\" decoding=\"async\" class=\"alignnone size-full wp-image-1568\" alt=\"Mini\" src=\"http:\/\/www.guenter-reifert.com\/wp-content\/uploads\/Mini_Logo.jpg\" width=\"50\" height=\"50\" \/><br \/>\n<\/span><\/p>\n<p style=\"text-align: justify;\"><img loading=\"lazy\" decoding=\"async\" class=\"alignnone size-full wp-image-1567\" alt=\"Mercedes_Benz_Logo\" src=\"http:\/\/www.guenter-reifert.com\/wp-content\/uploads\/Mercedes_Benz_Logo.jpg\" width=\"50\" height=\"50\" \/><img loading=\"lazy\" decoding=\"async\" class=\"alignnone size-full wp-image-1575\" alt=\"smart_logo\" src=\"http:\/\/www.guenter-reifert.com\/wp-content\/uploads\/smart_logo.jpg\" width=\"50\" height=\"50\" \/><\/p>\n<p style=\"text-align: justify;\"><img loading=\"lazy\" decoding=\"async\" class=\"alignnone size-full wp-image-1578\" alt=\"vw_logo\" src=\"http:\/\/www.guenter-reifert.com\/wp-content\/uploads\/vw_logo1.jpg\" width=\"50\" height=\"50\" \/><img loading=\"lazy\" decoding=\"async\" class=\"alignnone size-full wp-image-1561\" alt=\"Audi_logo\" src=\"http:\/\/www.guenter-reifert.com\/wp-content\/uploads\/Audi_logo.jpg\" width=\"50\" height=\"50\" \/><img loading=\"lazy\" decoding=\"async\" class=\"alignnone size-full wp-image-1574\" alt=\"skoda_logo\" src=\"http:\/\/www.guenter-reifert.com\/wp-content\/uploads\/skoda_logo.jpg\" width=\"50\" height=\"50\" \/><img loading=\"lazy\" decoding=\"async\" class=\"alignnone size-full wp-image-1573\" alt=\"seat_logo\" src=\"http:\/\/www.guenter-reifert.com\/wp-content\/uploads\/seat_logo.jpg\" width=\"50\" height=\"50\" \/><\/p>\n<p style=\"text-align: justify;\"><img loading=\"lazy\" decoding=\"async\" class=\"alignnone size-full wp-image-1570\" alt=\"Opel_Logo\" src=\"http:\/\/www.guenter-reifert.com\/wp-content\/uploads\/Opel_Logo.jpg\" width=\"50\" height=\"50\" \/><img loading=\"lazy\" decoding=\"async\" class=\"alignnone size-full wp-image-1564\" alt=\"Ford_logo\" src=\"http:\/\/www.guenter-reifert.com\/wp-content\/uploads\/Ford_logo.jpg\" width=\"50\" height=\"50\" \/><img loading=\"lazy\" decoding=\"async\" class=\"alignnone size-full wp-image-1571\" alt=\"Renault_logo\" src=\"http:\/\/www.guenter-reifert.com\/wp-content\/uploads\/Renault_logo.jpg\" width=\"50\" height=\"50\" \/><img loading=\"lazy\" decoding=\"async\" class=\"alignnone size-full wp-image-1582\" alt=\"volvo_logo\" src=\"http:\/\/www.guenter-reifert.com\/wp-content\/uploads\/volvo_logo1.jpg\" width=\"50\" height=\"50\" \/><img loading=\"lazy\" decoding=\"async\" class=\"alignnone size-full wp-image-1566\" alt=\"mazda_logo\" src=\"http:\/\/www.guenter-reifert.com\/wp-content\/uploads\/mazda_logo.jpg\" width=\"50\" height=\"50\" \/><\/p>\n<p><img loading=\"lazy\" decoding=\"async\" class=\"alignnone size-full wp-image-1576\" alt=\"toyota_logo\" src=\"http:\/\/www.guenter-reifert.com\/wp-content\/uploads\/toyota_logo.jpg\" width=\"50\" height=\"50\" \/><img loading=\"lazy\" decoding=\"async\" class=\"alignnone size-full wp-image-1565\" alt=\"Lexus_Logo\" src=\"http:\/\/www.guenter-reifert.com\/wp-content\/uploads\/Lexus_Logo.jpg\" width=\"50\" height=\"50\" \/><img loading=\"lazy\" decoding=\"async\" class=\"alignnone size-full wp-image-1563\" alt=\"citroen_logo\" src=\"http:\/\/www.guenter-reifert.com\/wp-content\/uploads\/citroen_logo.jpg\" width=\"50\" height=\"50\" \/><img loading=\"lazy\" decoding=\"async\" class=\"alignnone size-full wp-image-1581\" alt=\"daihatsu_logo1\" src=\"http:\/\/www.guenter-reifert.com\/wp-content\/uploads\/daihatsu_logo1.jpg\" width=\"50\" height=\"50\" \/><img loading=\"lazy\" decoding=\"async\" class=\"alignnone size-full wp-image-1572\" alt=\"Rolls_Royce_Logo\" src=\"http:\/\/www.guenter-reifert.com\/wp-content\/uploads\/Rolls_Royce_Logo.jpg\" width=\"50\" height=\"50\" \/><\/p>\n<h4><strong>Technische Daten:<\/strong><\/h4>\n<ul>\n<li>Felgenau\u00dfenspannung 10\u201c-20\u201c<\/li>\n<li>Felgeninnenspannung 10\u201c-22\u201c<\/li>\n<li>Felgenbreite 3\u201c-12\u201c<\/li>\n<li>Max. Raddurchmesser 1000 mm<\/li>\n<li>Spannteller- Drehgeschwindigkeit 8 UPM<\/li>\n<li>Abmessungen H\/B\/T 1830\/760\/950 mm<\/li>\n<\/ul>\n<h4><strong>Lieferumfang:<\/strong><\/h4>\n<ul>\n<li>Montiermaschine MS 50, inkl. Wartungseinheit, Anschluss: 3x400V\/50Hz; 8-12 bar<\/li>\n<li>Betriebsanleitung deutsch<\/li>\n<li>Betriebsanleitung englisch<\/li>\n<li>Kunststoff-Gleitst\u00fccke f\u00fcr den Montagekopf. Satz (5 Stk.)<\/li>\n<li>eichf\u00e4higer Hand-Reifenf\u00fcller<\/li>\n<li>Kunststoff-Schutzbacken &#8222;MS43-63&#8220; f\u00fcr den Einsatz an Alu-Felgen, Satz mit 4 St\u00fcck<\/li>\n<\/ul>\n<p><strong>\u00c4nderungen in der Technik und Ausstattung bleiben vorbehalten. Bilder k\u00f6nnen Sonderzubeh\u00f6r beinhalten.<\/strong><\/p>\n","protected":false},"excerpt":{"rendered":"<p>MS 50 Reifenmontierger\u00e4t [nggalbum id=13 template=extend]Bitte anklicken zum Vergr\u00f6\u00dfern Downloads (PDF): Prospekt_MS50 Sie m\u00f6chten ein individuelles Angebot f\u00fcr das Produkt: [insert_php]echo get_the_title();[\/insert_php] Bitte tragen Sie&hellip;<\/p>\n","protected":false},"author":3,"featured_media":853,"parent":151,"menu_order":2,"comment_status":"closed","ping_status":"closed","template":"","meta":{"footnotes":""},"class_list":["post-478","page","type-page","status-publish","has-post-thumbnail","hentry"],"_links":{"self":[{"href":"https:\/\/www.mirko-reifert.de\/index.php?rest_route=\/wp\/v2\/pages\/478","targetHints":{"allow":["GET"]}}],"collection":[{"href":"https:\/\/www.mirko-reifert.de\/index.php?rest_route=\/wp\/v2\/pages"}],"about":[{"href":"https:\/\/www.mirko-reifert.de\/index.php?rest_route=\/wp\/v2\/types\/page"}],"author":[{"embeddable":true,"href":"https:\/\/www.mirko-reifert.de\/index.php?rest_route=\/wp\/v2\/users\/3"}],"replies":[{"embeddable":true,"href":"https:\/\/www.mirko-reifert.de\/index.php?rest_route=%2Fwp%2Fv2%2Fcomments&post=478"}],"version-history":[{"count":15,"href":"https:\/\/www.mirko-reifert.de\/index.php?rest_route=\/wp\/v2\/pages\/478\/revisions"}],"predecessor-version":[{"id":2374,"href":"https:\/\/www.mirko-reifert.de\/index.php?rest_route=\/wp\/v2\/pages\/478\/revisions\/2374"}],"up":[{"embeddable":true,"href":"https:\/\/www.mirko-reifert.de\/index.php?rest_route=\/wp\/v2\/pages\/151"}],"wp:featuredmedia":[{"embeddable":true,"href":"https:\/\/www.mirko-reifert.de\/index.php?rest_route=\/wp\/v2\/media\/853"}],"wp:attachment":[{"href":"https:\/\/www.mirko-reifert.de\/index.php?rest_route=%2Fwp%2Fv2%2Fmedia&parent=478"}],"curies":[{"name":"wp","href":"https:\/\/api.w.org\/{rel}","templated":true}]}}