{"id":472,"date":"2013-03-10T22:03:07","date_gmt":"2013-03-10T20:03:07","guid":{"rendered":"http:\/\/www.guenter-reifert.com\/?page_id=472"},"modified":"2017-09-29T12:40:55","modified_gmt":"2017-09-29T11:40:55","slug":"mt-885-adpt","status":"publish","type":"page","link":"https:\/\/www.mirko-reifert.de\/?page_id=472","title":{"rendered":"MT 885 ADPT"},"content":{"rendered":"<h3>MT 885 ADPT Wuchtmaschine<\/h3>\n<table border=\"0\">\n<tbody>\n<tr>\n<td style=\"width: 60%;\"><strong>[nggalbum id=12 template=extend]<\/strong><strong>Bitte anklicken zum Vergr\u00f6\u00dfern<\/strong><\/td>\n<td valign=\"top\">\n<h4><img loading=\"lazy\" decoding=\"async\" class=\"alignnone size-medium wp-image-1732\" alt=\"oragetblob\" src=\"http:\/\/www.guenter-reifert.com\/wp-content\/uploads\/oragetblob-300x64.jpg\" width=\"169\" height=\"45\" \/><\/h4>\n<h4>Downloads (PDF):<\/h4>\n<ul>\n<li><a href=\"http:\/\/www.guenter-reifert.com\/wp-content\/uploads\/MT-885-DEEN-2008-08-06.pdf\">Prospekt_MT_885_ADPT<\/a><\/li>\n<\/ul>\n<\/td>\n<\/tr>\n<\/tbody>\n<\/table>\n<div style=\"display: none;\" class=\"fancybox-hidden\">\n<div id=\"contact_form_pop\" style=\"padding: 10px; background: #fff;\">\n<div>Sie m\u00f6chten ein individuelles Angebot f\u00fcr das Produkt: <strong>[insert_php]echo get_the_title();[\/insert_php]<\/strong><\/div>\n<div>Bitte tragen Sie <strong>Ihre Kontaktdaten<\/strong> in die nachfolgenden Felder ein.<\/div>\n<p>[contact-form-7 id=&#8220;1963&#8243; title=&#8220;Anfrage&#8220;]\n<\/p><\/div>\n<\/div>\n<p><a class=\"fancybox-inline\" href=\"#contact_form_pop\"><button>Angebot anfordern<\/button><\/a><\/p>\n<h4><strong>Highlights:<\/strong><\/h4>\n<ul>\n<li>F\u00fcr den professionellen Einsatz bei hohen Raddurchs\u00e4tzen<\/li>\n<li>innerer elektronischer Abtastarm + automatische Radbreitenmessung per Laser<\/li>\n<li>pneumatischer Radlift, pneumatisch schlie\u00dfender Radschutzbogen<\/li>\n<li>automatischer Wuchtlaufstart, Eindrehen des Rades auf die Ausgleichsstelle und Feststellen des Rades<\/li>\n<li>pneumatische Felgenspannung<\/li>\n<li>Splittfunktion f\u00fcr Hinterspeichenkleben bei Alufelgen<\/li>\n<li>Laseranzeige zur Positionierung des Gewichtes an der Felge 12 Uhr \/ 9 Uhr \/ 6 Uhr<\/li>\n<li>Bis 80 kg Radgewicht und 30\u201c<\/li>\n<li>Monitoranzeige zum men\u00fcgef\u00fchrten Auswuchten<\/li>\n<li>Optionale Ausdruckfunktion der Ausgleichsgr\u00f6\u00dfen an allen 4 R\u00e4dern eines Satzes + Rundlauf- und Symmetrie\u00acmessung und Empfehlung der Montageposition<\/li>\n<\/ul>\n<h4><strong>Ausstattungsvarianten:<\/strong><\/h4>\n<h4><strong>mit Radlift und Drucker<br \/>\n<\/strong><\/h4>\n<h4><strong>Freigaben \/ Empfehlungen:<\/strong><\/h4>\n<p style=\"text-align: justify;\"><span style=\"color: #333333;\"><img loading=\"lazy\" decoding=\"async\" class=\"alignnone size-full wp-image-1568\" alt=\"BMW\" src=\"http:\/\/www.guenter-reifert.com\/wp-content\/uploads\/BMW_logo1.jpg\" width=\"50\" height=\"50\" \/><img loading=\"lazy\" decoding=\"async\" class=\"alignnone size-full wp-image-1568\" alt=\"Mini\" src=\"http:\/\/www.guenter-reifert.com\/wp-content\/uploads\/Mini_Logo.jpg\" width=\"50\" height=\"50\" \/><br \/>\n<\/span><\/p>\n<p style=\"text-align: justify;\"><img loading=\"lazy\" decoding=\"async\" class=\"alignnone size-full wp-image-1567\" alt=\"Mercedes_Benz_Logo\" src=\"http:\/\/www.guenter-reifert.com\/wp-content\/uploads\/Mercedes_Benz_Logo.jpg\" width=\"50\" height=\"50\" \/><img loading=\"lazy\" decoding=\"async\" class=\"alignnone size-full wp-image-1575\" alt=\"smart_logo\" src=\"http:\/\/www.guenter-reifert.com\/wp-content\/uploads\/smart_logo.jpg\" width=\"50\" height=\"50\" \/><\/p>\n<p style=\"text-align: justify;\"><img loading=\"lazy\" decoding=\"async\" class=\"alignnone size-full wp-image-1578\" alt=\"vw_logo\" src=\"http:\/\/www.guenter-reifert.com\/wp-content\/uploads\/vw_logo1.jpg\" width=\"50\" height=\"50\" \/><img loading=\"lazy\" decoding=\"async\" class=\"alignnone size-full wp-image-1561\" alt=\"Audi_logo\" src=\"http:\/\/www.guenter-reifert.com\/wp-content\/uploads\/Audi_logo.jpg\" width=\"50\" height=\"50\" \/><img loading=\"lazy\" decoding=\"async\" class=\"alignnone size-full wp-image-1574\" alt=\"skoda_logo\" src=\"http:\/\/www.guenter-reifert.com\/wp-content\/uploads\/skoda_logo.jpg\" width=\"50\" height=\"50\" \/><img loading=\"lazy\" decoding=\"async\" class=\"alignnone size-full wp-image-1573\" alt=\"seat_logo\" src=\"http:\/\/www.guenter-reifert.com\/wp-content\/uploads\/seat_logo.jpg\" width=\"50\" height=\"50\" \/><\/p>\n<p style=\"text-align: justify;\"><img loading=\"lazy\" decoding=\"async\" class=\"alignnone size-full wp-image-1570\" alt=\"Opel_Logo\" src=\"http:\/\/www.guenter-reifert.com\/wp-content\/uploads\/Opel_Logo.jpg\" width=\"50\" height=\"50\" \/><img loading=\"lazy\" decoding=\"async\" class=\"alignnone size-full wp-image-1564\" alt=\"Ford_logo\" src=\"http:\/\/www.guenter-reifert.com\/wp-content\/uploads\/Ford_logo.jpg\" width=\"50\" height=\"50\" \/><img loading=\"lazy\" decoding=\"async\" class=\"alignnone size-full wp-image-1571\" alt=\"Renault_logo\" src=\"http:\/\/www.guenter-reifert.com\/wp-content\/uploads\/Renault_logo.jpg\" width=\"50\" height=\"50\" \/><img loading=\"lazy\" decoding=\"async\" class=\"alignnone size-full wp-image-1582\" alt=\"volvo_logo\" src=\"http:\/\/www.guenter-reifert.com\/wp-content\/uploads\/volvo_logo1.jpg\" width=\"50\" height=\"50\" \/><img loading=\"lazy\" decoding=\"async\" class=\"alignnone size-full wp-image-1566\" alt=\"mazda_logo\" src=\"http:\/\/www.guenter-reifert.com\/wp-content\/uploads\/mazda_logo.jpg\" width=\"50\" height=\"50\" \/><\/p>\n<p><img loading=\"lazy\" decoding=\"async\" class=\"alignnone size-full wp-image-1576\" alt=\"toyota_logo\" src=\"http:\/\/www.guenter-reifert.com\/wp-content\/uploads\/toyota_logo.jpg\" width=\"50\" height=\"50\" \/><img loading=\"lazy\" decoding=\"async\" class=\"alignnone size-full wp-image-1565\" alt=\"Lexus_Logo\" src=\"http:\/\/www.guenter-reifert.com\/wp-content\/uploads\/Lexus_Logo.jpg\" width=\"50\" height=\"50\" \/><img loading=\"lazy\" decoding=\"async\" class=\"alignnone size-full wp-image-1563\" alt=\"citroen_logo\" src=\"http:\/\/www.guenter-reifert.com\/wp-content\/uploads\/citroen_logo.jpg\" width=\"50\" height=\"50\" \/><img loading=\"lazy\" decoding=\"async\" class=\"alignnone size-full wp-image-1581\" alt=\"daihatsu_logo1\" src=\"http:\/\/www.guenter-reifert.com\/wp-content\/uploads\/daihatsu_logo1.jpg\" width=\"50\" height=\"50\" \/><img loading=\"lazy\" decoding=\"async\" class=\"alignnone size-full wp-image-1572\" alt=\"Rolls_Royce_Logo\" src=\"http:\/\/www.guenter-reifert.com\/wp-content\/uploads\/Rolls_Royce_Logo.jpg\" width=\"50\" height=\"50\" \/><\/p>\n<h4><strong>Detail-Info:<\/strong><\/h4>\n<ul>\n<li>Die MT 885 von Beissbarth setzt neue Ma\u00dfst\u00e4be \u2013 in Bedienung, Tempo und Komfort. Der Lasersensor sorgt f\u00fcr die vollautomatische Messung von Radbreite, Rundlauf und Radsymmetrie. Der Radlift hilft bei schweren SUV-R\u00e4dern. Der Pneu\u00acmatikflansch spannt die R\u00e4der auto-matisch. Und die interaktive Men\u00fcf\u00fchrung macht die Bedienung zum Kinderspiel. Mit dieser Wuchtmaschine sind Sie f\u00fcr alle F\u00e4lle ger\u00fcstet \u2013 f\u00fcr R\u00e4der bis 26\u201c Felgendurchmesser und 20\u201c Breite.<\/li>\n<li>Komfortables ArbeitenEinfache Handhabung dank pneumatischem Radlift mit integrierter automatischer Spannvorrichtung. Damit k\u00f6nnen auch schwere R\u00e4der bis zu 80 kg m\u00fchelos und schnell auf dem Flansch befestigt werden. Das schont nicht nur den R\u00fccken, sondern spart auch Zeit.<\/li>\n<li>Alle Daten auf einen BlickDas Display zeigt grafisch Radysmmetrie und Rundlauf und f\u00fchrt interaktiv durch das Men\u00fc.<\/li>\n<li>Pr\u00e4zise MessungDer elektronische Datenarm misst den Abstand des Rades von der Maschine und den Raddurchmesser \u2013 auto-matisch, schnell und bequem.<\/li>\n<li>Hohe Pr\u00e4zision durch Rundlauf- und Symmetrie\u00acmessung.<\/li>\n<li>Einfache Bedienung durch automatische Rad-positionierung und interaktive Men\u00fcf\u00fchrung.<\/li>\n<li>Maximale Sicherheit &amp; maximaler Komfort durch pneumatischen Radlift und automatischen Rad schutzbogen.<\/li>\n<li>Einfache Wartung durch Selbstdiagnose- und Kalibrierroutinen.<\/li>\n<li>Integriertes Match-Programm.<\/li>\n<\/ul>\n<p><strong>Technische Daten:<\/strong><\/p>\n<ul>\n<li>Max. Felgendurchmesser 10 &#8211; 26 \u201c<\/li>\n<li>Max. Felgenbreiteh 1 \u2013 20&#8243;<\/li>\n<li>Max. Raddurchmesser 1200 mm<\/li>\n<li>Max. Radgewicht 80 kg<\/li>\n<\/ul>\n<p><strong>Messdaten:<\/strong><\/p>\n<ul>\n<li>Messaufl\u00f6sung 1\/5 g<\/li>\n<li>Auswuchtgeschwindigkeit 190 rpm U\/min<\/li>\n<li>Messzeit 3 Sekunden<\/li>\n<\/ul>\n<p><strong>Motor:<\/strong><\/p>\n<ul>\n<li>Auswuchtgeschwindigkeit 190 rpm (50 Hz)<\/li>\n<li>230 V \/ 50 Hz<\/li>\n<\/ul>\n<h4><strong>Abmessungen:<\/strong><\/h4>\n<ul>\n<li>Max. H\u00f6he (Radschutzvorrichtung ge\u00f6ffnet) 1980 mm<\/li>\n<li>Max. Tiefe (Radschutz\u00f6ffnung geschlossen) 976 mm<\/li>\n<li>Breite (mit Radlift) 2030 mm<\/li>\n<li>Gewicht 400 kg<\/li>\n<\/ul>\n<h4><strong>Farbe:<\/strong><\/h4>\n<ul>\n<li>Lackierung Blau RAL 5015, Grau RAL 7011<\/li>\n<\/ul>\n<p><strong>\u00c4nderungen in der Technik und Ausstattung bleiben vorbehalten. Bilder k\u00f6nnen Sonderzubeh\u00f6r beinhalten.<\/strong><\/p>\n","protected":false},"excerpt":{"rendered":"<p>MT 885 ADPT Wuchtmaschine [nggalbum id=12 template=extend]Bitte anklicken zum Vergr\u00f6\u00dfern Downloads (PDF): Prospekt_MT_885_ADPT Sie m\u00f6chten ein individuelles Angebot f\u00fcr das Produkt: [insert_php]echo get_the_title();[\/insert_php] Bitte tragen&hellip;<\/p>\n","protected":false},"author":3,"featured_media":934,"parent":147,"menu_order":6,"comment_status":"closed","ping_status":"closed","template":"","meta":{"footnotes":""},"class_list":["post-472","page","type-page","status-publish","has-post-thumbnail","hentry"],"_links":{"self":[{"href":"https:\/\/www.mirko-reifert.de\/index.php?rest_route=\/wp\/v2\/pages\/472","targetHints":{"allow":["GET"]}}],"collection":[{"href":"https:\/\/www.mirko-reifert.de\/index.php?rest_route=\/wp\/v2\/pages"}],"about":[{"href":"https:\/\/www.mirko-reifert.de\/index.php?rest_route=\/wp\/v2\/types\/page"}],"author":[{"embeddable":true,"href":"https:\/\/www.mirko-reifert.de\/index.php?rest_route=\/wp\/v2\/users\/3"}],"replies":[{"embeddable":true,"href":"https:\/\/www.mirko-reifert.de\/index.php?rest_route=%2Fwp%2Fv2%2Fcomments&post=472"}],"version-history":[{"count":15,"href":"https:\/\/www.mirko-reifert.de\/index.php?rest_route=\/wp\/v2\/pages\/472\/revisions"}],"predecessor-version":[{"id":2372,"href":"https:\/\/www.mirko-reifert.de\/index.php?rest_route=\/wp\/v2\/pages\/472\/revisions\/2372"}],"up":[{"embeddable":true,"href":"https:\/\/www.mirko-reifert.de\/index.php?rest_route=\/wp\/v2\/pages\/147"}],"wp:featuredmedia":[{"embeddable":true,"href":"https:\/\/www.mirko-reifert.de\/index.php?rest_route=\/wp\/v2\/media\/934"}],"wp:attachment":[{"href":"https:\/\/www.mirko-reifert.de\/index.php?rest_route=%2Fwp%2Fv2%2Fmedia&parent=472"}],"curies":[{"name":"wp","href":"https:\/\/api.w.org\/{rel}","templated":true}]}}