{"id":466,"date":"2013-03-10T22:00:11","date_gmt":"2013-03-10T20:00:11","guid":{"rendered":"http:\/\/www.guenter-reifert.com\/?page_id=466"},"modified":"2017-09-29T12:39:53","modified_gmt":"2017-09-29T11:39:53","slug":"mt-847-ad","status":"publish","type":"page","link":"https:\/\/www.mirko-reifert.de\/?page_id=466","title":{"rendered":"MT 847 AD"},"content":{"rendered":"<h3>MT 847 AD Wuchtmaschine<\/h3>\n<table border=\"0\">\n<tbody>\n<tr>\n<td style=\"width: 60%;\"><strong>[nggalbum id=10 template=extend]<\/strong><strong>Bitte anklicken zum Vergr\u00f6\u00dfern<\/strong><\/td>\n<td valign=\"top\">\n<h4><img loading=\"lazy\" decoding=\"async\" class=\"alignnone size-medium wp-image-1732\" alt=\"oragetblob\" src=\"http:\/\/www.guenter-reifert.com\/wp-content\/uploads\/oragetblob-300x64.jpg\" width=\"169\" height=\"45\" \/><\/h4>\n<h4>Downloads (PDF):<\/h4>\n<ul>\n<li><a style=\"letter-spacing: 0.05em; line-height: 1.6875;\" href=\"http:\/\/www.guenter-reifert.com\/wp-content\/uploads\/Prospekt-MT-847_867-2011-DEEN_120210.pdf\">Prospekt MT 847_867 2011 DEEN_120210<\/a><\/li>\n<\/ul>\n<\/td>\n<\/tr>\n<\/tbody>\n<\/table>\n<div style=\"display: none;\" class=\"fancybox-hidden\">\n<div id=\"contact_form_pop\" style=\"padding: 10px; background: #fff;\">\n<div>Sie m\u00f6chten ein individuelles Angebot f\u00fcr das Produkt: <strong>[insert_php]echo get_the_title();[\/insert_php]<\/strong><\/div>\n<div>Bitte tragen Sie <strong>Ihre Kontaktdaten<\/strong> in die nachfolgenden Felder ein.<\/div>\n<p>[contact-form-7 id=&#8220;1963&#8243; title=&#8220;Anfrage&#8220;]\n<\/p><\/div>\n<\/div>\n<p><a class=\"fancybox-inline\" href=\"#contact_form_pop\"><button>Angebot anfordern<\/button><\/a><\/p>\n<h4><strong>Highlights:<\/strong><\/h4>\n<ul>\n<li>F\u00fcr den professionellen Einsatz bei hohen Raddurchs\u00e4tzen<\/li>\n<li>Zwei elektronische Abtastarme f\u00fcr die automatische Erfassung aller Raddaten<\/li>\n<li>Automatische Erkennung des richtigen Auswuchtprogramms Alu \/ Stahl<\/li>\n<li>Splittfunktion f\u00fcr Hinterspeichenkleben bei Alufelgen<\/li>\n<li>super schneller Wuchtlauf in 6 sec.<\/li>\n<li>LED-Licht-Ring zum Ausleuchten der Felgen<\/li>\n<li>Laseranzeige zur Positionierung des Gewichtes an der Felge 12 Uhr \/ 9 Uhr \/ 6 Uhr<\/li>\n<li>Bis 80 kg Radgewicht und 30\u201c<\/li>\n<\/ul>\n<h4><strong>Ausstattungsvarianten:<\/strong><\/h4>\n<h4><strong>mit pneumatischer Felgenspannung<br \/>\n<\/strong><\/h4>\n<h4><strong>Freigaben \/ Empfehlungen:<\/strong><\/h4>\n<p style=\"text-align: justify;\"><img loading=\"lazy\" decoding=\"async\" class=\"alignnone size-full wp-image-1570\" alt=\"Opel_Logo\" src=\"http:\/\/www.guenter-reifert.com\/wp-content\/uploads\/Opel_Logo.jpg\" width=\"50\" height=\"50\" \/><img loading=\"lazy\" decoding=\"async\" class=\"alignnone size-full wp-image-1564\" alt=\"Ford_logo\" src=\"http:\/\/www.guenter-reifert.com\/wp-content\/uploads\/Ford_logo.jpg\" width=\"50\" height=\"50\" \/><img loading=\"lazy\" decoding=\"async\" class=\"alignnone size-full wp-image-1571\" alt=\"Renault_logo\" src=\"http:\/\/www.guenter-reifert.com\/wp-content\/uploads\/Renault_logo.jpg\" width=\"50\" height=\"50\" \/><img loading=\"lazy\" decoding=\"async\" class=\"alignnone size-full wp-image-1582\" alt=\"volvo_logo\" src=\"http:\/\/www.guenter-reifert.com\/wp-content\/uploads\/volvo_logo1.jpg\" width=\"50\" height=\"50\" \/><img loading=\"lazy\" decoding=\"async\" class=\"alignnone size-full wp-image-1566\" alt=\"mazda_logo\" src=\"http:\/\/www.guenter-reifert.com\/wp-content\/uploads\/mazda_logo.jpg\" width=\"50\" height=\"50\" \/><\/p>\n<p><img loading=\"lazy\" decoding=\"async\" class=\"alignnone size-full wp-image-1576\" alt=\"toyota_logo\" src=\"http:\/\/www.guenter-reifert.com\/wp-content\/uploads\/toyota_logo.jpg\" width=\"50\" height=\"50\" \/><img loading=\"lazy\" decoding=\"async\" class=\"alignnone size-full wp-image-1565\" alt=\"Lexus_Logo\" src=\"http:\/\/www.guenter-reifert.com\/wp-content\/uploads\/Lexus_Logo.jpg\" width=\"50\" height=\"50\" \/><img loading=\"lazy\" decoding=\"async\" class=\"alignnone size-full wp-image-1563\" alt=\"citroen_logo\" src=\"http:\/\/www.guenter-reifert.com\/wp-content\/uploads\/citroen_logo.jpg\" width=\"50\" height=\"50\" \/><img loading=\"lazy\" decoding=\"async\" class=\"alignnone size-full wp-image-1581\" alt=\"daihatsu_logo1\" src=\"http:\/\/www.guenter-reifert.com\/wp-content\/uploads\/daihatsu_logo1.jpg\" width=\"50\" height=\"50\" \/><img loading=\"lazy\" decoding=\"async\" class=\"alignnone size-full wp-image-1572\" alt=\"Rolls_Royce_Logo\" src=\"http:\/\/www.guenter-reifert.com\/wp-content\/uploads\/Rolls_Royce_Logo.jpg\" width=\"50\" height=\"50\" \/><\/p>\n<h4><strong>Detail-Info:<\/strong><\/h4>\n<p>Die Produktfamilien MT 847 und MT 867 sind eine Neuentwicklung von Beissbarth welche in nur 6 Sekunden ein komfortabels und schnelles Wuchten der Reifen von PKW\u00b4s, Motorr\u00e4dern und Transportern erm\u00f6glichen. Mit diesen Maschinen f\u00fchren wir ein neues Design f\u00fcr die Beissbarth Radwuchtmaschinen ein.<\/p>\n<p>Ein genaues Positionierungsgewicht wird von einem bis zu neun PKW und zwei Motorrad Programmen garantiert, darunter nat\u00fcrlich auch passende Splitting-Programme. Mit der optionalen Zubeh\u00f6r-Maschine ausgestattet, beleuchtet der Licht Ring die Felge von innen und die Position des Lasers bietet eine Linie, auf der das Gewicht angebracht werden soll. Mit der neuen Produktfamilie, k\u00f6nnen R\u00e4der mit einem Durchmesser von bis zu 1200 mm, einer maximalen Felgenbreite von 24&#8243;, ein maximales Gewicht von 80 kg und einem Felgendurchmesser von 12&#8243; bis 30&#8243; gewuchtet werden.<\/p>\n<p>Mit den verbesserten elektronischen Daten-Armen ist es m\u00f6glich, die Felgenentfernung, die Felgenbreite und den Felgendurchmesser schnell und pr\u00e4zise zu liefern, was den gesamten Messablauf beschleunigt. Au\u00dferdem ist der Anschluss aller versteckten Klebegewichte mit den verbesserten Easyfix Daten Armen sehr einfach.<\/p>\n<p><strong>Technische Daten:<\/strong><\/p>\n<ul>\n<li>Max. Felgendurchmesser 10 &#8211; 30 \u201c<\/li>\n<li>Max. Felgenbreiteh 1 \u2013 24\u201c \/ 485 mm<\/li>\n<li>Max. Raddurchmesser 1200 mm<\/li>\n<li>Max. Radgewicht 80 kg<\/li>\n<\/ul>\n<h4><strong>Motor:<\/strong><\/h4>\n<ul>\n<li>Auswuchtgeschwindigkeit 280 rpm (50 Hz)<\/li>\n<li>230 V \/ 50 Hz<\/li>\n<\/ul>\n<h4><strong>Abmessungen:<\/strong><\/h4>\n<ul>\n<li>Max. H\u00f6he (Radschutzvorrichtung ge\u00f6ffnet) 1730 mm<\/li>\n<li>Max. Tiefe (Radschutz\u00f6ffnung geschlossen) 1460 mm<\/li>\n<li>Breite 1315 mm<\/li>\n<li>Gewicht 157,8 kg<\/li>\n<\/ul>\n<h4><strong>Farbe:<\/strong><\/h4>\n<ul>\n<li>Lackierung Blau RAL 5015, Grau RAL 7011<\/li>\n<\/ul>\n<p><strong>\u00c4nderungen in der Technik und Ausstattung bleiben vorbehalten. Bilder k\u00f6nnen Sonderzubeh\u00f6r beinhalten.<\/strong><\/p>\n","protected":false},"excerpt":{"rendered":"<p>MT 847 AD Wuchtmaschine [nggalbum id=10 template=extend]Bitte anklicken zum Vergr\u00f6\u00dfern Downloads (PDF): Prospekt MT 847_867 2011 DEEN_120210 Sie m\u00f6chten ein individuelles Angebot f\u00fcr das Produkt:&hellip;<\/p>\n","protected":false},"author":3,"featured_media":910,"parent":147,"menu_order":3,"comment_status":"closed","ping_status":"closed","template":"","meta":{"footnotes":""},"class_list":["post-466","page","type-page","status-publish","has-post-thumbnail","hentry"],"_links":{"self":[{"href":"https:\/\/www.mirko-reifert.de\/index.php?rest_route=\/wp\/v2\/pages\/466","targetHints":{"allow":["GET"]}}],"collection":[{"href":"https:\/\/www.mirko-reifert.de\/index.php?rest_route=\/wp\/v2\/pages"}],"about":[{"href":"https:\/\/www.mirko-reifert.de\/index.php?rest_route=\/wp\/v2\/types\/page"}],"author":[{"embeddable":true,"href":"https:\/\/www.mirko-reifert.de\/index.php?rest_route=\/wp\/v2\/users\/3"}],"replies":[{"embeddable":true,"href":"https:\/\/www.mirko-reifert.de\/index.php?rest_route=%2Fwp%2Fv2%2Fcomments&post=466"}],"version-history":[{"count":19,"href":"https:\/\/www.mirko-reifert.de\/index.php?rest_route=\/wp\/v2\/pages\/466\/revisions"}],"predecessor-version":[{"id":2369,"href":"https:\/\/www.mirko-reifert.de\/index.php?rest_route=\/wp\/v2\/pages\/466\/revisions\/2369"}],"up":[{"embeddable":true,"href":"https:\/\/www.mirko-reifert.de\/index.php?rest_route=\/wp\/v2\/pages\/147"}],"wp:featuredmedia":[{"embeddable":true,"href":"https:\/\/www.mirko-reifert.de\/index.php?rest_route=\/wp\/v2\/media\/910"}],"wp:attachment":[{"href":"https:\/\/www.mirko-reifert.de\/index.php?rest_route=%2Fwp%2Fv2%2Fmedia&parent=466"}],"curies":[{"name":"wp","href":"https:\/\/api.w.org\/{rel}","templated":true}]}}