{"id":464,"date":"2013-03-10T21:59:17","date_gmt":"2013-03-10T19:59:17","guid":{"rendered":"http:\/\/www.guenter-reifert.com\/?page_id=464"},"modified":"2017-09-29T12:39:33","modified_gmt":"2017-09-29T11:39:33","slug":"mt-837-a","status":"publish","type":"page","link":"https:\/\/www.mirko-reifert.de\/?page_id=464","title":{"rendered":"MT 837 A"},"content":{"rendered":"<h3>MT 837 D Wuchtmaschine<\/h3>\n<table border=\"0\">\n<tbody>\n<tr>\n<td style=\"width: 60%;\"><strong>[nggalbum id=8 template=extend]<\/strong><strong>Bitte anklicken zum Vergr\u00f6\u00dfern<\/strong><\/td>\n<td valign=\"top\">\n<h4><img loading=\"lazy\" decoding=\"async\" class=\"alignnone size-medium wp-image-1732\" alt=\"oragetblob\" src=\"http:\/\/www.guenter-reifert.com\/wp-content\/uploads\/oragetblob-300x64.jpg\" width=\"169\" height=\"45\" \/><\/h4>\n<h4>Downloads (PDF):<\/h4>\n<ul>\n<li><a href=\"http:\/\/www.guenter-reifert.com\/wp-content\/uploads\/Prospekt-MT-837_857-2012-DEEN_120906.pdf\">Prospekt_MT_837_D<\/a><\/li>\n<\/ul>\n<\/td>\n<\/tr>\n<\/tbody>\n<\/table>\n<div style=\"display: none;\" class=\"fancybox-hidden\">\n<div id=\"contact_form_pop\" style=\"padding: 10px; background: #fff;\">\n<div>Sie m\u00f6chten ein individuelles Angebot f\u00fcr das Produkt: <strong>[insert_php]echo get_the_title();[\/insert_php]<\/strong><\/div>\n<div>Bitte tragen Sie <strong>Ihre Kontaktdaten<\/strong> in die nachfolgenden Felder ein.<\/div>\n<p>[contact-form-7 id=&#8220;1963&#8243; title=&#8220;Anfrage&#8220;]\n<\/p><\/div>\n<\/div>\n<p><a class=\"fancybox-inline\" href=\"#contact_form_pop\"><button>Angebot anfordern<\/button><\/a><\/p>\n<h4><strong>Highlights:<\/strong><\/h4>\n<ul>\n<li>Kompakte Bauweise<\/li>\n<li>Elektronischer Abtastarm mit Splitfunktion f\u00fcr Hinterspeichenkleben bei Alufelgen<\/li>\n<li>f\u00fcr hohen Reifendurchsatz geeignet<\/li>\n<li>sehr gutes Preis-Leistungsverh\u00e4ltnis<\/li>\n<li>\u00e4u\u00dferer elektronischer Abtastarm nachr\u00fcstbar<\/li>\n<\/ul>\n<h4><strong>Ausstattungsvarianten:<\/strong><\/h4>\n<h4><strong>\u00e4u\u00dferer Datenarm nachr\u00fcstbar<br \/>\n<\/strong><\/h4>\n<h4><strong>Detail-Info<\/strong><\/h4>\n<ul>\n<li>Doppeltes LED-Digitaldisplay<\/li>\n<li>Ger\u00e4umiges Radschutzgeh\u00e4use f\u00fcr R\u00e4der mit max. 1.150 mm Durchmesser<\/li>\n<li>Elektronischer Abtastarm zur automatischen Felgendaten-Erfassung<\/li>\n<li>Verschiedene Auswuchtprogramme<\/li>\n<li>11 Programme f\u00fcr PKWs<\/li>\n<li>5 Programme f\u00fcr Motorr\u00e4der<\/li>\n<li>5 Programme f\u00fcr Leichtmetalfelgen<\/li>\n<li>Multi User Programm<\/li>\n<li>Mechanische Pedalbremse<\/li>\n<li>Easyfit-Messarm mit Erkennungsfunktion des Gewichtetyps und entsprechender Platzierung<\/li>\n<li>Maschine einfach umr\u00fcstbar auf Schwenkbolzen- und Motorradflansche<\/li>\n<li>Neues digitales Farbdisplay mit hoher Leuchtst\u00e4rke f\u00fcr mehr Klarheit und einfache Anwendung<\/li>\n<li>Neues ergonomisches Design f\u00fcr einen besseren Zugang zu dem Rad<\/li>\n<li>Easyfit-Datenarm mit Erkennungsfunkti\u00acon des Gewichtetyps mit entsprechender Platzierung<\/li>\n<\/ul>\n<h4><strong>Technische Daten:<\/strong><\/h4>\n<ul>\n<li>Max. Felgendurchmesser 10 &#8211; 26 \u201c Automatic 6 \u2013 40\u201d Manual<\/li>\n<li>Max. Felgenbreiteh 1 \u2013 21\u201c Automatic 1 \u2013 24\u201d Manual<\/li>\n<li>Max. Raddurchmesser 1200 mm<\/li>\n<li>Max. Radgewicht 70 kg<\/li>\n<\/ul>\n<h4><strong>Motor:<\/strong><\/h4>\n<ul>\n<li>Auswuchtgeschwindigkeit 208 rpm (50 Hz)<\/li>\n<li>Energieaufnahme 0.5 kW<\/li>\n<\/ul>\n<h4><strong>Abmessungen:<\/strong><\/h4>\n<ul>\n<li>Abmessungen (H x B x T) max. 1.830 x 1.260 x 1.270 mm<\/li>\n<li>Gewicht 124 kg<\/li>\n<\/ul>\n<h4><strong>Farbe:<\/strong><\/h4>\n<ul>\n<li>Lackierung Blau RAL 5015, Grau RAL 7011<\/li>\n<\/ul>\n<p><strong>\u00c4nderungen in der Technik und Ausstattung bleiben vorbehalten. Bilder k\u00f6nnen Sonderzubeh\u00f6r beinhalten.<\/strong><\/p>\n","protected":false},"excerpt":{"rendered":"<p>MT 837 D Wuchtmaschine [nggalbum id=8 template=extend]Bitte anklicken zum Vergr\u00f6\u00dfern Downloads (PDF): Prospekt_MT_837_D Sie m\u00f6chten ein individuelles Angebot f\u00fcr das Produkt: [insert_php]echo get_the_title();[\/insert_php] Bitte tragen&hellip;<\/p>\n","protected":false},"author":3,"featured_media":904,"parent":147,"menu_order":2,"comment_status":"closed","ping_status":"closed","template":"","meta":{"footnotes":""},"class_list":["post-464","page","type-page","status-publish","has-post-thumbnail","hentry"],"_links":{"self":[{"href":"https:\/\/www.mirko-reifert.de\/index.php?rest_route=\/wp\/v2\/pages\/464","targetHints":{"allow":["GET"]}}],"collection":[{"href":"https:\/\/www.mirko-reifert.de\/index.php?rest_route=\/wp\/v2\/pages"}],"about":[{"href":"https:\/\/www.mirko-reifert.de\/index.php?rest_route=\/wp\/v2\/types\/page"}],"author":[{"embeddable":true,"href":"https:\/\/www.mirko-reifert.de\/index.php?rest_route=\/wp\/v2\/users\/3"}],"replies":[{"embeddable":true,"href":"https:\/\/www.mirko-reifert.de\/index.php?rest_route=%2Fwp%2Fv2%2Fcomments&post=464"}],"version-history":[{"count":18,"href":"https:\/\/www.mirko-reifert.de\/index.php?rest_route=\/wp\/v2\/pages\/464\/revisions"}],"predecessor-version":[{"id":2368,"href":"https:\/\/www.mirko-reifert.de\/index.php?rest_route=\/wp\/v2\/pages\/464\/revisions\/2368"}],"up":[{"embeddable":true,"href":"https:\/\/www.mirko-reifert.de\/index.php?rest_route=\/wp\/v2\/pages\/147"}],"wp:featuredmedia":[{"embeddable":true,"href":"https:\/\/www.mirko-reifert.de\/index.php?rest_route=\/wp\/v2\/media\/904"}],"wp:attachment":[{"href":"https:\/\/www.mirko-reifert.de\/index.php?rest_route=%2Fwp%2Fv2%2Fmedia&parent=464"}],"curies":[{"name":"wp","href":"https:\/\/api.w.org\/{rel}","templated":true}]}}