{"id":2512,"date":"2026-01-12T20:39:11","date_gmt":"2026-01-12T19:39:11","guid":{"rendered":"https:\/\/www.mirko-reifert.de\/?page_id=2512"},"modified":"2026-01-18T16:21:51","modified_gmt":"2026-01-18T15:21:51","slug":"adas-fas","status":"publish","type":"page","link":"https:\/\/www.mirko-reifert.de\/?page_id=2512","title":{"rendered":"ADAS &#8211; FAS"},"content":{"rendered":"\n<div class=\"wp-block-columns is-layout-flex wp-container-core-columns-is-layout-9d6595d7 wp-block-columns-is-layout-flex\">\n<div class=\"wp-block-column is-layout-flow wp-block-column-is-layout-flow\">\n<h3 class=\"wp-block-heading has-text-align-center\">Q.DAS PRO<\/h3>\n\n\n\n<figure class=\"wp-block-image size-full\"><img loading=\"lazy\" decoding=\"async\" width=\"849\" height=\"744\" src=\"https:\/\/www.mirko-reifert.de\/wp-content\/uploads\/QDAS-pro.jpg\" alt=\"\" class=\"wp-image-2623\" srcset=\"https:\/\/www.mirko-reifert.de\/wp-content\/uploads\/QDAS-pro.jpg 849w, https:\/\/www.mirko-reifert.de\/wp-content\/uploads\/QDAS-pro-300x263.jpg 300w, https:\/\/www.mirko-reifert.de\/wp-content\/uploads\/QDAS-pro-150x131.jpg 150w, https:\/\/www.mirko-reifert.de\/wp-content\/uploads\/QDAS-pro-768x673.jpg 768w\" sizes=\"auto, (max-width: 849px) 100vw, 849px\" \/><\/figure>\n<\/div>\n\n\n\n<div class=\"wp-block-column is-layout-flow wp-block-column-is-layout-flow\">\n<h3 class=\"wp-block-heading has-text-align-center\">Q.DAS Standard<\/h3>\n\n\n\n<figure class=\"wp-block-image size-full\"><img loading=\"lazy\" decoding=\"async\" width=\"479\" height=\"420\" src=\"https:\/\/www.mirko-reifert.de\/wp-content\/uploads\/QDAS-Standard.jpg\" alt=\"\" class=\"wp-image-2624\" srcset=\"https:\/\/www.mirko-reifert.de\/wp-content\/uploads\/QDAS-Standard.jpg 479w, https:\/\/www.mirko-reifert.de\/wp-content\/uploads\/QDAS-Standard-300x263.jpg 300w, https:\/\/www.mirko-reifert.de\/wp-content\/uploads\/QDAS-Standard-150x132.jpg 150w\" sizes=\"auto, (max-width: 479px) 100vw, 479px\" \/><\/figure>\n<\/div>\n\n\n\n<div class=\"wp-block-column is-layout-flow wp-block-column-is-layout-flow\">\n<h3 class=\"wp-block-heading has-text-align-center\">Frontkamera-Kalibrierung<br>ohne Achsvermessung<\/h3>\n\n\n\n<figure class=\"wp-block-image size-large\"><img loading=\"lazy\" decoding=\"async\" width=\"1024\" height=\"615\" src=\"https:\/\/www.mirko-reifert.de\/wp-content\/uploads\/Ohne-Achsvermessung-1024x615.jpg\" alt=\"\" class=\"wp-image-2625\" srcset=\"https:\/\/www.mirko-reifert.de\/wp-content\/uploads\/Ohne-Achsvermessung-1024x615.jpg 1024w, https:\/\/www.mirko-reifert.de\/wp-content\/uploads\/Ohne-Achsvermessung-300x180.jpg 300w, https:\/\/www.mirko-reifert.de\/wp-content\/uploads\/Ohne-Achsvermessung-150x90.jpg 150w, https:\/\/www.mirko-reifert.de\/wp-content\/uploads\/Ohne-Achsvermessung-768x461.jpg 768w, https:\/\/www.mirko-reifert.de\/wp-content\/uploads\/Ohne-Achsvermessung.jpg 1428w\" sizes=\"auto, (max-width: 1024px) 100vw, 1024px\" \/><\/figure>\n<\/div>\n<\/div>\n\n\n\n<div class=\"wp-block-columns is-layout-flex wp-container-core-columns-is-layout-9d6595d7 wp-block-columns-is-layout-flex\">\n<div class=\"wp-block-column is-layout-flow wp-block-column-is-layout-flow\">\n<h3 class=\"wp-block-heading has-text-align-center\">Q.mApp Software \/ Daten<\/h3>\n\n\n\n<figure class=\"wp-block-image size-full\"><img loading=\"lazy\" decoding=\"async\" width=\"1014\" height=\"608\" src=\"https:\/\/www.mirko-reifert.de\/wp-content\/uploads\/Q.Mapp_.jpg\" alt=\"\" class=\"wp-image-2626\" srcset=\"https:\/\/www.mirko-reifert.de\/wp-content\/uploads\/Q.Mapp_.jpg 1014w, https:\/\/www.mirko-reifert.de\/wp-content\/uploads\/Q.Mapp_-300x180.jpg 300w, https:\/\/www.mirko-reifert.de\/wp-content\/uploads\/Q.Mapp_-150x90.jpg 150w, https:\/\/www.mirko-reifert.de\/wp-content\/uploads\/Q.Mapp_-768x460.jpg 768w\" sizes=\"auto, (max-width: 1014px) 100vw, 1014px\" \/><\/figure>\n<\/div>\n\n\n\n<div class=\"wp-block-column is-layout-flow wp-block-column-is-layout-flow\">\n<h3 class=\"wp-block-heading has-text-align-center\">Zubeh\u00f6r<\/h3>\n\n\n\n<figure class=\"wp-block-image size-full\"><img loading=\"lazy\" decoding=\"async\" width=\"798\" height=\"614\" src=\"https:\/\/www.mirko-reifert.de\/wp-content\/uploads\/eTarget.jpg\" alt=\"\" class=\"wp-image-2627\" srcset=\"https:\/\/www.mirko-reifert.de\/wp-content\/uploads\/eTarget.jpg 798w, https:\/\/www.mirko-reifert.de\/wp-content\/uploads\/eTarget-300x231.jpg 300w, https:\/\/www.mirko-reifert.de\/wp-content\/uploads\/eTarget-150x115.jpg 150w, https:\/\/www.mirko-reifert.de\/wp-content\/uploads\/eTarget-768x591.jpg 768w\" sizes=\"auto, (max-width: 798px) 100vw, 798px\" \/><\/figure>\n<\/div>\n\n\n\n<div class=\"wp-block-column is-layout-flow wp-block-column-is-layout-flow\">\n<h3 class=\"wp-block-heading has-text-align-center\">Aufr\u00fcstung VAS 6430<br>f\u00fcr Mehrmarken<\/h3>\n\n\n\n<figure class=\"wp-block-image size-full\"><img loading=\"lazy\" decoding=\"async\" width=\"884\" height=\"656\" src=\"https:\/\/www.mirko-reifert.de\/wp-content\/uploads\/Nachruestung.jpg\" alt=\"\" class=\"wp-image-2628\" srcset=\"https:\/\/www.mirko-reifert.de\/wp-content\/uploads\/Nachruestung.jpg 884w, https:\/\/www.mirko-reifert.de\/wp-content\/uploads\/Nachruestung-300x223.jpg 300w, https:\/\/www.mirko-reifert.de\/wp-content\/uploads\/Nachruestung-150x111.jpg 150w, https:\/\/www.mirko-reifert.de\/wp-content\/uploads\/Nachruestung-768x570.jpg 768w\" sizes=\"auto, (max-width: 884px) 100vw, 884px\" \/><\/figure>\n<\/div>\n<\/div>\n","protected":false},"excerpt":{"rendered":"<p>Q.DAS PRO Q.DAS Standard Frontkamera-Kalibrierungohne Achsvermessung Q.mApp Software \/ Daten Zubeh\u00f6r Aufr\u00fcstung VAS 6430f\u00fcr Mehrmarken<\/p>\n","protected":false},"author":3,"featured_media":2494,"parent":4,"menu_order":3,"comment_status":"closed","ping_status":"closed","template":"","meta":{"footnotes":""},"class_list":["post-2512","page","type-page","status-publish","has-post-thumbnail","hentry"],"_links":{"self":[{"href":"https:\/\/www.mirko-reifert.de\/index.php?rest_route=\/wp\/v2\/pages\/2512","targetHints":{"allow":["GET"]}}],"collection":[{"href":"https:\/\/www.mirko-reifert.de\/index.php?rest_route=\/wp\/v2\/pages"}],"about":[{"href":"https:\/\/www.mirko-reifert.de\/index.php?rest_route=\/wp\/v2\/types\/page"}],"author":[{"embeddable":true,"href":"https:\/\/www.mirko-reifert.de\/index.php?rest_route=\/wp\/v2\/users\/3"}],"replies":[{"embeddable":true,"href":"https:\/\/www.mirko-reifert.de\/index.php?rest_route=%2Fwp%2Fv2%2Fcomments&post=2512"}],"version-history":[{"count":2,"href":"https:\/\/www.mirko-reifert.de\/index.php?rest_route=\/wp\/v2\/pages\/2512\/revisions"}],"predecessor-version":[{"id":2629,"href":"https:\/\/www.mirko-reifert.de\/index.php?rest_route=\/wp\/v2\/pages\/2512\/revisions\/2629"}],"up":[{"embeddable":true,"href":"https:\/\/www.mirko-reifert.de\/index.php?rest_route=\/wp\/v2\/pages\/4"}],"wp:featuredmedia":[{"embeddable":true,"href":"https:\/\/www.mirko-reifert.de\/index.php?rest_route=\/wp\/v2\/media\/2494"}],"wp:attachment":[{"href":"https:\/\/www.mirko-reifert.de\/index.php?rest_route=%2Fwp%2Fv2%2Fmedia&parent=2512"}],"curies":[{"name":"wp","href":"https:\/\/api.w.org\/{rel}","templated":true}]}}