{"id":1716,"date":"2013-05-19T13:04:46","date_gmt":"2013-05-19T11:04:46","guid":{"rendered":"http:\/\/www.guenter-reifert.com\/?page_id=1716"},"modified":"2017-09-29T12:43:47","modified_gmt":"2017-09-29T11:43:47","slug":"ac-2800","status":"publish","type":"page","link":"https:\/\/www.mirko-reifert.de\/?page_id=1716","title":{"rendered":"AC 2800"},"content":{"rendered":"<h3>AC 2800 Klimaserviceger\u00e4t<\/h3>\n<table border=\"0\">\n<tbody>\n<tr>\n<td style=\"width: 60%;\"><strong>[nggalbum id=24 template=extend]<\/strong><strong>Bitte anklicken zum Vergr\u00f6\u00dfern<\/strong><\/td>\n<td valign=\"top\">\n<h4><img loading=\"lazy\" decoding=\"async\" class=\"alignnone size-medium wp-image-1732\" alt=\"oragetblob\" src=\"http:\/\/www.guenter-reifert.com\/wp-content\/uploads\/oragetblob-300x64.jpg\" width=\"169\" height=\"45\" \/><\/h4>\n<h4>Downloads (PDF):<\/h4>\n<ul>\n<li><a href=\"http:\/\/www.guenter-reifert.com\/wp-content\/uploads\/Prospekt-ACcellence-2800-4000-DEEN_120829.pdf\">Prospekt_ACcellence_2800_4000<\/a><\/li>\n<\/ul>\n<\/td>\n<\/tr>\n<\/tbody>\n<\/table>\n<div style=\"display: none;\" class=\"fancybox-hidden\">\n<div id=\"contact_form_pop\" style=\"padding: 10px; background: #fff;\">\n<div>Sie m\u00f6chten ein individuelles Angebot f\u00fcr das Produkt: <strong>[insert_php]echo get_the_title();[\/insert_php]<\/strong><\/div>\n<div>Bitte tragen Sie <strong>Ihre Kontaktdaten<\/strong> in die nachfolgenden Felder ein.<\/div>\n<p>[contact-form-7 id=&#8220;1963&#8243; title=&#8220;Anfrage&#8220;]\n<\/p><\/div>\n<\/div>\n<p><a class=\"fancybox-inline\" href=\"#contact_form_pop\"><button>Angebot anfordern<\/button><\/a><\/p>\n<h4><strong>Highlights:<\/strong><\/h4>\n<ul>\n<li>f\u00fcr den Professionellen\u00a0 R134a Klimaservice<\/li>\n<li>Ersch\u00fctterungsresistente K\u00e4ltemittelwaage<\/li>\n<li>Automatische Reinigung und Ablass nicht kondensierbarer Gase<\/li>\n<li>H\u00f6chste Geschwindigkeit und Bef\u00fcllgenauigkeit<\/li>\n<li>vollautomatische Prorammf\u00fchrung oder manuelle Auswahl einzelner Vorg\u00e4nge<\/li>\n<li>Datenbank aller Fahrzeughersteller<\/li>\n<li>integrierte men\u00fcgef\u00fchrte Sp\u00fclfunktion mit optionalen Sp\u00fcl-Kit<\/li>\n<li>Zertifizierung CE \/ PED<\/li>\n<\/ul>\n<h4><strong>Detail-Info:<\/strong><\/h4>\n<ul>\n<li>Vollautomatischer Service-Ablauf oder manuell einzeln w\u00e4hlbare Serviceschritte<\/li>\n<li>Hinweis auf anstehende Ger\u00e4tewartung<\/li>\n<li>Integrierte separate Datenbanken f\u00fcr Pkw- und Nfz-Sollwerte sowie individuelle Nutzerdatenbank<\/li>\n<li>Ersch\u00fctterungsresistente K\u00e4ltemittelwaage f\u00fcr exakte Bestimmung von K\u00e4ltemittelmengen<\/li>\n<li>Intuitive Men\u00fcnavigation, \u00fcbersichtliche Tastatur, optische Statusanzeige, 3,5\u201c Farbdisplay, Drucker und USB-Schnittstelle<\/li>\n<li>Gut man\u00f6vrierbarer Fahrwagen mit leicht zug\u00e4nglichen Serviceklappen<\/li>\n<li>Selbsttest vor jeder Einschaltvorgang<\/li>\n<li>33 Sprachen ausw\u00e4hlbar<\/li>\n<li>Aufzeichnung f\u00fcr K\u00e4ltemittelverbrauch zur Kosten\u00fcberwachtung<\/li>\n<li>Vollautomatik oder Funktions-Check<\/li>\n<\/ul>\n<h4><strong>Technische Daten:<\/strong><\/h4>\n<h4><strong>Bedienung:<\/strong><\/h4>\n<ul>\n<li>Manometer f\u00fcr HP \/ LP 100 mm<\/li>\n<li>Anzeige interner Flaschendruck \u00fcber Display<\/li>\n<li>Protokollausgabe auf Drucker<\/li>\n<li>Statusanzeige optisch \/ akustisch<\/li>\n<li>Integrierte Fahrzeugdatenbank Pkw \/ Nfz<\/li>\n<li>\u00d6l \/ UV Kontrastmittel \/ Alt \u00d6l<\/li>\n<\/ul>\n<h4><strong>\u00d6l PAG \/ POE:<\/strong><\/h4>\n<ul>\n<li>Flaschengr\u00f6\u00dfe (3 Flaschen) 250 ml \/ Flasche<\/li>\n<li>Messtechnik 3 Pr\u00e4zisionswaagen<\/li>\n<li>Genauigkeit +\/- 1 g<\/li>\n<\/ul>\n<h4><strong>Allgemeine Ger\u00e4tedaten:<\/strong><\/h4>\n<ul>\n<li>Gewicht 110 kg<\/li>\n<li>Abmessungen (L x B x H) 725 x 652 x 1277 mm<\/li>\n<li>Stromversorgung 230 V<\/li>\n<li>Betriebstemperatur 5 \u2013 50 \u00b0C<\/li>\n<li>USB Anschluss<\/li>\n<li>Serviceklappen 2 Stck. rechts u. links<\/li>\n<li>Ersch\u00fctterungsresistente Waage<\/li>\n<\/ul>\n<h4><strong>\u00a0R\u00fcckgewinnung \/ Recycling \/ Bef\u00fcllung:<\/strong><\/h4>\n<ul>\n<li>K\u00e4ltemittel R134a<\/li>\n<li>Interner Vorratsbeh\u00e4lter (PED zertifiziert) 22 l<\/li>\n<li>R\u00fcckgewinnungsleistung 94%<\/li>\n<li>Absaugleistung 18 kg\/h<\/li>\n<li>Vakuumpumpenleistung 7.9 m3\/h<\/li>\n<li>Filtertrocknerleistung 75 kg<\/li>\n<li>F\u00fcllgenauigkeit +\/- 10 g<\/li>\n<li>Messtechnik 1 Pr\u00e4ziosionswaage<\/li>\n<li>Genauigkeit der Waagen +\/- 2 g<\/li>\n<li>Zertifizierung CE \/ PED<\/li>\n<\/ul>\n<p><strong>\u00c4nderungen in der Technik und Ausstattung bleiben vorbehalten. Bilder k\u00f6nnen Sonderzubeh\u00f6r beinhalten.<\/strong><\/p>\n","protected":false},"excerpt":{"rendered":"<p>AC 2800 Klimaserviceger\u00e4t [nggalbum id=24 template=extend]Bitte anklicken zum Vergr\u00f6\u00dfern Downloads (PDF): Prospekt_ACcellence_2800_4000 Sie m\u00f6chten ein individuelles Angebot f\u00fcr das Produkt: [insert_php]echo get_the_title();[\/insert_php] Bitte tragen Sie&hellip;<\/p>\n","protected":false},"author":2,"featured_media":1760,"parent":159,"menu_order":0,"comment_status":"closed","ping_status":"closed","template":"","meta":{"footnotes":""},"class_list":["post-1716","page","type-page","status-publish","has-post-thumbnail","hentry"],"_links":{"self":[{"href":"https:\/\/www.mirko-reifert.de\/index.php?rest_route=\/wp\/v2\/pages\/1716","targetHints":{"allow":["GET"]}}],"collection":[{"href":"https:\/\/www.mirko-reifert.de\/index.php?rest_route=\/wp\/v2\/pages"}],"about":[{"href":"https:\/\/www.mirko-reifert.de\/index.php?rest_route=\/wp\/v2\/types\/page"}],"author":[{"embeddable":true,"href":"https:\/\/www.mirko-reifert.de\/index.php?rest_route=\/wp\/v2\/users\/2"}],"replies":[{"embeddable":true,"href":"https:\/\/www.mirko-reifert.de\/index.php?rest_route=%2Fwp%2Fv2%2Fcomments&post=1716"}],"version-history":[{"count":14,"href":"https:\/\/www.mirko-reifert.de\/index.php?rest_route=\/wp\/v2\/pages\/1716\/revisions"}],"predecessor-version":[{"id":2383,"href":"https:\/\/www.mirko-reifert.de\/index.php?rest_route=\/wp\/v2\/pages\/1716\/revisions\/2383"}],"up":[{"embeddable":true,"href":"https:\/\/www.mirko-reifert.de\/index.php?rest_route=\/wp\/v2\/pages\/159"}],"wp:featuredmedia":[{"embeddable":true,"href":"https:\/\/www.mirko-reifert.de\/index.php?rest_route=\/wp\/v2\/media\/1760"}],"wp:attachment":[{"href":"https:\/\/www.mirko-reifert.de\/index.php?rest_route=%2Fwp%2Fv2%2Fmedia&parent=1716"}],"curies":[{"name":"wp","href":"https:\/\/api.w.org\/{rel}","templated":true}]}}