{"id":1688,"date":"2013-05-14T21:50:10","date_gmt":"2013-05-14T19:50:10","guid":{"rendered":"http:\/\/www.guenter-reifert.com\/?page_id=1688"},"modified":"2017-09-29T12:38:40","modified_gmt":"2017-09-29T11:38:40","slug":"mt-788-795-t-lkw","status":"publish","type":"page","link":"https:\/\/www.mirko-reifert.de\/?page_id=1688","title":{"rendered":"MT 788-795 T LKW"},"content":{"rendered":"<h3>MT 788 &#8211; 795 T LKW Wuchtmaschine<\/h3>\n<table border=\"0\">\n<tbody>\n<tr>\n<td style=\"width: 60%;\"><strong>[nggalbum id=21 template=extend]<\/strong><strong>Bitte anklicken zum Vergr\u00f6\u00dfern<\/strong><\/td>\n<td valign=\"top\">\n<h4><img loading=\"lazy\" decoding=\"async\" class=\"alignnone size-medium wp-image-1732\" alt=\"oragetblob\" src=\"http:\/\/www.guenter-reifert.com\/wp-content\/uploads\/oragetblob-300x64.jpg\" width=\"169\" height=\"45\" \/><\/h4>\n<h4>Downloads (PDF):<\/h4>\n<ul>\n<li><a href=\"http:\/\/www.guenter-reifert.com\/wp-content\/uploads\/Prospekt_MT788-795T_DEEN_100720.pdf\">Prospekt_MT788_795T<\/a><\/li>\n<\/ul>\n<\/td>\n<\/tr>\n<\/tbody>\n<\/table>\n<div style=\"display: none;\" class=\"fancybox-hidden\">\n<div id=\"contact_form_pop\" style=\"padding: 10px; background: #fff;\">\n<div>Sie m\u00f6chten ein individuelles Angebot f\u00fcr das Produkt: <strong>[insert_php]echo get_the_title();[\/insert_php]<\/strong><\/div>\n<div>Bitte tragen Sie <strong>Ihre Kontaktdaten<\/strong> in die nachfolgenden Felder ein.<\/div>\n<p>[contact-form-7 id=&#8220;1963&#8243; title=&#8220;Anfrage&#8220;]\n<\/p><\/div>\n<\/div>\n<p><a class=\"fancybox-inline\" href=\"#contact_form_pop\"><button>Angebot anfordern<\/button><\/a><\/p>\n<h4><strong>Highlights:<\/strong><\/h4>\n<ul>\n<li>Auswuchtprogramme f\u00fcr Lkw-, Pkw- und Motorrad-R\u00e4der<\/li>\n<li>Pneumatik-Lift zur Radaufnahme<\/li>\n<li>Automatik-Messlauf bis zur Radabbremsung<\/li>\n<\/ul>\n<h4><strong>Ausstattungsvarianten:<\/strong><\/h4>\n<h4><strong>mit LED Display \/ mit Monitor<br \/>\n<\/strong><\/h4>\n<h4><strong>Detail-Info:<\/strong><\/h4>\n<ul>\n<li>Effizient: 4 Lkw-, 9 Pkw- und 2 Motorrad-R\u00e4der Auswuchtprogramme inkl. Alur\u00e4der<\/li>\n<li>Umschaltbar von Lkw- auf Pkw-\/Motorrad Auswuchtgeschwindigkeit<\/li>\n<li>Men\u00fcgef\u00fchrte Funktionstasten zur Dateneingabe und Maschinensteuerung<\/li>\n<li>Automatik-Messlauf mit Speicherung aller Messergebnisse und automatischer Radabbremsung<\/li>\n<li>Alu-Messlehre f\u00fcr die versteckte Anbringung von Klebegewichten hinter den Felgenspeichen<\/li>\n<li>Integriertes Match-Programm mit Bedienerf\u00fchrung<\/li>\n<li>Praktische Halterungen f\u00fcr die Spannmittel<\/li>\n<li>Pneumatik-Lift zum m\u00fchelosen Aufspannen schwerer R\u00e4der<\/li>\n<li>Integrierte Wartungseinheit mit Druckminderer, Wasserabscheider und Luft\u00f6ler f\u00fcr den Pneumatik-Lift<\/li>\n<li><strong>Selbsterkl\u00e4rend, interaktiv:<\/strong> Die MT 795 T, mit drehbarem Farbbildschirm und integrierter Folientastatur, bietet h\u00f6chsten Bedienkomfort.<\/li>\n<li><strong>Einfach und bedienerfreundlich:<\/strong> Die Men\u00fcf\u00fchrung der MT 788 macht die Maschinenbedienung sehr leicht und liefert alle Unwuchtdaten im sto\u00dffesten Anzeigendisplay.<\/li>\n<li><strong>Effizient:<\/strong> Flanschwechsel gen\u00fcgt: beide Modelle sind auch f\u00fcr Pkw- und Motorrad-R\u00e4der ausgelegt.<\/li>\n<\/ul>\n<h4><strong>Technische Daten:<\/strong><\/h4>\n<ul>\n<li>Max. Felgendurchmesser 10 &#8211; 26,5 \u201c<\/li>\n<li>Max. Felgenbreiteh 1 \u2013 20\u201c<\/li>\n<li>Max. Raddurchmesser 1200 mm<\/li>\n<li>Max. Radgewicht 160 kg LKW \/ 70 kg PKW<\/li>\n<\/ul>\n<h4><strong>Motor:<\/strong><\/h4>\n<ul>\n<li>Auswuchtgeschwindigkeit 190 rpm (50 Hz)<\/li>\n<li>230 V \/ 50 Hz<\/li>\n<\/ul>\n<h4><strong>Pneumatiklift:<\/strong><\/h4>\n<ul>\n<li>Druckluftanschluss 8 \u2013 12 bar<\/li>\n<li>Tragkraft 160 kg<\/li>\n<\/ul>\n<h4><strong>Abmessungen:<\/strong><\/h4>\n<ul>\n<li>Abmessungen (H x T x B) max. 1.950 x 1.350 x 2000 mm<\/li>\n<li>Gewicht 183 \/ 205 kg<\/li>\n<\/ul>\n<h4><strong>Farbe:<\/strong><\/h4>\n<ul>\n<li>Lackierung Blau RAL 5015, Grau RAL 7011<\/li>\n<\/ul>\n<p><strong>\u00c4nderungen in der Technik und Ausstattung bleiben vorbehalten. Bilder k\u00f6nnen Sonderzubeh\u00f6r beinhalten.<\/strong><\/p>\n","protected":false},"excerpt":{"rendered":"<p>MT 788 &#8211; 795 T LKW Wuchtmaschine [nggalbum id=21 template=extend]Bitte anklicken zum Vergr\u00f6\u00dfern Downloads (PDF): Prospekt_MT788_795T Sie m\u00f6chten ein individuelles Angebot f\u00fcr das Produkt: [insert_php]echo&hellip;<\/p>\n","protected":false},"author":2,"featured_media":1697,"parent":147,"menu_order":0,"comment_status":"closed","ping_status":"closed","template":"","meta":{"footnotes":""},"class_list":["post-1688","page","type-page","status-publish","has-post-thumbnail","hentry"],"_links":{"self":[{"href":"https:\/\/www.mirko-reifert.de\/index.php?rest_route=\/wp\/v2\/pages\/1688","targetHints":{"allow":["GET"]}}],"collection":[{"href":"https:\/\/www.mirko-reifert.de\/index.php?rest_route=\/wp\/v2\/pages"}],"about":[{"href":"https:\/\/www.mirko-reifert.de\/index.php?rest_route=\/wp\/v2\/types\/page"}],"author":[{"embeddable":true,"href":"https:\/\/www.mirko-reifert.de\/index.php?rest_route=\/wp\/v2\/users\/2"}],"replies":[{"embeddable":true,"href":"https:\/\/www.mirko-reifert.de\/index.php?rest_route=%2Fwp%2Fv2%2Fcomments&post=1688"}],"version-history":[{"count":14,"href":"https:\/\/www.mirko-reifert.de\/index.php?rest_route=\/wp\/v2\/pages\/1688\/revisions"}],"predecessor-version":[{"id":2364,"href":"https:\/\/www.mirko-reifert.de\/index.php?rest_route=\/wp\/v2\/pages\/1688\/revisions\/2364"}],"up":[{"embeddable":true,"href":"https:\/\/www.mirko-reifert.de\/index.php?rest_route=\/wp\/v2\/pages\/147"}],"wp:featuredmedia":[{"embeddable":true,"href":"https:\/\/www.mirko-reifert.de\/index.php?rest_route=\/wp\/v2\/media\/1697"}],"wp:attachment":[{"href":"https:\/\/www.mirko-reifert.de\/index.php?rest_route=%2Fwp%2Fv2%2Fmedia&parent=1688"}],"curies":[{"name":"wp","href":"https:\/\/api.w.org\/{rel}","templated":true}]}}