{"id":489,"date":"2013-03-10T22:13:33","date_gmt":"2013-03-10T20:13:33","guid":{"rendered":"http:\/\/www.guenter-reifert.com\/?page_id=489"},"modified":"2017-09-29T12:42:49","modified_gmt":"2017-09-29T11:42:49","slug":"ms-680","status":"publish","type":"page","link":"http:\/\/www.mirko-reifert.de\/?page_id=489","title":{"rendered":"MS 68"},"content":{"rendered":"<h3>MS 68 Reifenmontierger\u00e4t<\/h3>\n<table border=\"0\">\n<tbody>\n<tr>\n<td style=\"width: 60%;\"><strong>[nggalbum id=19 template=extend]<\/strong><strong>Bitte anklicken zum Vergr\u00f6\u00dfern<\/strong><\/td>\n<td valign=\"top\">\n<h4><img loading=\"lazy\" decoding=\"async\" class=\"alignnone size-medium wp-image-1732\" alt=\"oragetblob\" src=\"http:\/\/www.guenter-reifert.com\/wp-content\/uploads\/oragetblob-300x64.jpg\" width=\"169\" height=\"45\" \/><\/h4>\n<h4>Downloads (PDF):<\/h4>\n<ul>\n<li><a href=\"http:\/\/www.guenter-reifert.com\/wp-content\/uploads\/Prospekt_MS68NG_DEEN_100720.pdf\">Prospekt_MS68NG<\/a><\/li>\n<\/ul>\n<\/td>\n<\/tr>\n<\/tbody>\n<\/table>\n<div style=\"display: none;\" class=\"fancybox-hidden\">\n<div id=\"contact_form_pop\" style=\"padding: 10px; background: #fff;\">\n<div>Sie m\u00f6chten ein individuelles Angebot f\u00fcr das Produkt: <strong>[insert_php]echo get_the_title();[\/insert_php]<\/strong><\/div>\n<div>Bitte tragen Sie <strong>Ihre Kontaktdaten<\/strong> in die nachfolgenden Felder ein.<\/div>\n<p>[contact-form-7 id=&#8220;1963&#8243; title=&#8220;Anfrage&#8220;]\n<\/p><\/div>\n<\/div>\n<p><a class=\"fancybox-inline\" href=\"#contact_form_pop\"><button>Angebot anfordern<\/button><\/a><\/p>\n<h4><strong>Highlights:<\/strong><\/h4>\n<ul>\n<li>Topmodell f\u00fcr Pkw- und LLkw-R\u00e4der hydraulisch \/ pneumatisch<\/li>\n<li>Montagekopf f\u00fcr hebellose Montage<\/li>\n<li>Sicheres Montieren mit integriertem Radlift<\/li>\n<li>Komplett automatische Montage \/ Demontage ohne Einsatz eines Montageeisens f\u00fcr h\u00e4rteste Reifen \/ Niederquerschnittsreifen \/ Runflat<\/li>\n<li>WDK-zertifiziert<\/li>\n<\/ul>\n<p><strong>Freigaben \/ Empfehlungen:<\/strong><\/p>\n<p style=\"text-align: justify;\"><span style=\"color: #333333;\"><img loading=\"lazy\" decoding=\"async\" class=\"alignnone size-full wp-image-1568\" alt=\"BMW\" src=\"http:\/\/www.guenter-reifert.com\/wp-content\/uploads\/BMW_logo1.jpg\" width=\"50\" height=\"50\" \/><img loading=\"lazy\" decoding=\"async\" class=\"alignnone size-full wp-image-1568\" alt=\"Mini\" src=\"http:\/\/www.guenter-reifert.com\/wp-content\/uploads\/Mini_Logo.jpg\" width=\"50\" height=\"50\" \/><br \/>\n<\/span><\/p>\n<p style=\"text-align: justify;\"><img loading=\"lazy\" decoding=\"async\" class=\"alignnone size-full wp-image-1567\" alt=\"Mercedes_Benz_Logo\" src=\"http:\/\/www.guenter-reifert.com\/wp-content\/uploads\/Mercedes_Benz_Logo.jpg\" width=\"50\" height=\"50\" \/><img loading=\"lazy\" decoding=\"async\" class=\"alignnone size-full wp-image-1575\" alt=\"smart_logo\" src=\"http:\/\/www.guenter-reifert.com\/wp-content\/uploads\/smart_logo.jpg\" width=\"50\" height=\"50\" \/><\/p>\n<h4 style=\"text-align: justify;\"><strong>VAS 6651<\/strong><\/h4>\n<p style=\"text-align: justify;\"><img loading=\"lazy\" decoding=\"async\" class=\"alignnone size-full wp-image-1578\" alt=\"vw_logo\" src=\"http:\/\/www.guenter-reifert.com\/wp-content\/uploads\/vw_logo1.jpg\" width=\"50\" height=\"50\" \/><img loading=\"lazy\" decoding=\"async\" class=\"alignnone size-full wp-image-1561\" alt=\"Audi_logo\" src=\"http:\/\/www.guenter-reifert.com\/wp-content\/uploads\/Audi_logo.jpg\" width=\"50\" height=\"50\" \/><img loading=\"lazy\" decoding=\"async\" class=\"alignnone size-full wp-image-1574\" alt=\"skoda_logo\" src=\"http:\/\/www.guenter-reifert.com\/wp-content\/uploads\/skoda_logo.jpg\" width=\"50\" height=\"50\" \/><img loading=\"lazy\" decoding=\"async\" class=\"alignnone size-full wp-image-1573\" alt=\"seat_logo\" src=\"http:\/\/www.guenter-reifert.com\/wp-content\/uploads\/seat_logo.jpg\" width=\"50\" height=\"50\" \/><\/p>\n<p style=\"text-align: justify;\"><img loading=\"lazy\" decoding=\"async\" class=\"alignnone size-full wp-image-1570\" alt=\"Opel_Logo\" src=\"http:\/\/www.guenter-reifert.com\/wp-content\/uploads\/Opel_Logo.jpg\" width=\"50\" height=\"50\" \/><img loading=\"lazy\" decoding=\"async\" class=\"alignnone size-full wp-image-1564\" alt=\"Ford_logo\" src=\"http:\/\/www.guenter-reifert.com\/wp-content\/uploads\/Ford_logo.jpg\" width=\"50\" height=\"50\" \/><img loading=\"lazy\" decoding=\"async\" class=\"alignnone size-full wp-image-1571\" alt=\"Renault_logo\" src=\"http:\/\/www.guenter-reifert.com\/wp-content\/uploads\/Renault_logo.jpg\" width=\"50\" height=\"50\" \/><img loading=\"lazy\" decoding=\"async\" class=\"alignnone size-full wp-image-1582\" alt=\"volvo_logo\" src=\"http:\/\/www.guenter-reifert.com\/wp-content\/uploads\/volvo_logo1.jpg\" width=\"50\" height=\"50\" \/><img loading=\"lazy\" decoding=\"async\" class=\"alignnone size-full wp-image-1566\" alt=\"mazda_logo\" src=\"http:\/\/www.guenter-reifert.com\/wp-content\/uploads\/mazda_logo.jpg\" width=\"50\" height=\"50\" \/><\/p>\n<p><img loading=\"lazy\" decoding=\"async\" class=\"alignnone size-full wp-image-1576\" alt=\"toyota_logo\" src=\"http:\/\/www.guenter-reifert.com\/wp-content\/uploads\/toyota_logo.jpg\" width=\"50\" height=\"50\" \/><img loading=\"lazy\" decoding=\"async\" class=\"alignnone size-full wp-image-1565\" alt=\"Lexus_Logo\" src=\"http:\/\/www.guenter-reifert.com\/wp-content\/uploads\/Lexus_Logo.jpg\" width=\"50\" height=\"50\" \/><img loading=\"lazy\" decoding=\"async\" class=\"alignnone size-full wp-image-1563\" alt=\"citroen_logo\" src=\"http:\/\/www.guenter-reifert.com\/wp-content\/uploads\/citroen_logo.jpg\" width=\"50\" height=\"50\" \/><img loading=\"lazy\" decoding=\"async\" class=\"alignnone size-full wp-image-1581\" alt=\"daihatsu_logo1\" src=\"http:\/\/www.guenter-reifert.com\/wp-content\/uploads\/daihatsu_logo1.jpg\" width=\"50\" height=\"50\" \/><img loading=\"lazy\" decoding=\"async\" class=\"alignnone size-full wp-image-1572\" alt=\"Rolls_Royce_Logo\" src=\"http:\/\/www.guenter-reifert.com\/wp-content\/uploads\/Rolls_Royce_Logo.jpg\" width=\"50\" height=\"50\" \/><\/p>\n<h4><strong>Produktbeschreibung:<\/strong><\/h4>\n<p>Die MS 68 NG ist unser Topmodell f\u00fcr Standardreifen, PAX-R\u00e4der, RFT und UHPs. Die neue hebellose Technologie und die pr\u00e4zise Hydraulikeinheit zum gleichzeitigen Abdr\u00fccken beider Reifenwulste garantieren sicheres Arbeiten. Und der serienm\u00e4\u00dfige Pneumatiklift erleichtert die Aufnahme von schweren SUV- und LLkw-R\u00e4dern. Die neue hebellose Montagetechnik von Beissbarth bringt Ihnen ganz entscheidende Vorteile: <strong>schnell, komfortabel, pr\u00e4zise.\u00a0<\/strong><\/p>\n<p>Die zentrale Steuereinheit garantiert Ihnen eine einfache Bedienung, dank Hydraulik feinf\u00fchlig und pr\u00e4zise.<\/p>\n<ul>\n<li>Weiterentwickelte Abdr\u00fcckrollen, optimal positioniert und aus dem Arbeitsbereich schwenkbar<\/li>\n<li>Frei positionierbare, ergonomische Bedieneinheit<\/li>\n<li>Einfaches Aufspannen des Rades mittels pneumatischem Mittenzentrierflansch<\/li>\n<li>Flansch austauschbar \u2013 z.B. f\u00fcr Felgen franz\u00f6sischer Bauart<\/li>\n<li>Reifenschnellbef\u00fcllung serienm\u00e4\u00dfig<\/li>\n<li>Pneumatischer Radlift f\u00fcr Reifen bis 80 kg<\/li>\n<li>Optional erweiterbar mit Kamera und Monitor zur Beobachtung der unteren Reifenwulst<\/li>\n<\/ul>\n<h4><strong>\u00a0Technische Daten:<\/strong><\/h4>\n<ul>\n<li>Felgenspannung 30\u201c<\/li>\n<li>Felgenbreite 22&#8243;<\/li>\n<li>Hydraulikeinheit: 150 bar \/ 1,4 Tonnen Abdr\u00fcckkraft<\/li>\n<li>Pneumatik: 8 &#8211; 12 bar<\/li>\n<li>Spannungsversorgung 3 x 400 V \/ 50 Hz<\/li>\n<li>Motorleistung 1,25 kW<\/li>\n<li>Hubgewicht Radlift 80 kg<\/li>\n<li>Spannteller- Drehgeschwindigkeit 5\/11 UPM<\/li>\n<li>Abmessungen H\/B\/T 1700\/1850\/1800 mm<\/li>\n<\/ul>\n<p><strong>\u00c4nderungen in der Technik und Ausstattung bleiben vorbehalten. Bilder k\u00f6nnen Sonderzubeh\u00f6r beinhalten.<\/strong><\/p>\n","protected":false},"excerpt":{"rendered":"<p>MS 68 Reifenmontierger\u00e4t [nggalbum id=19 template=extend]Bitte anklicken zum Vergr\u00f6\u00dfern Downloads (PDF): Prospekt_MS68NG Sie m\u00f6chten ein individuelles Angebot f\u00fcr das Produkt: [insert_php]echo get_the_title();[\/insert_php] Bitte tragen Sie&hellip;<\/p>\n","protected":false},"author":3,"featured_media":1686,"parent":151,"menu_order":7,"comment_status":"closed","ping_status":"closed","template":"","meta":{"footnotes":""},"class_list":["post-489","page","type-page","status-publish","has-post-thumbnail","hentry"],"_links":{"self":[{"href":"http:\/\/www.mirko-reifert.de\/index.php?rest_route=\/wp\/v2\/pages\/489","targetHints":{"allow":["GET"]}}],"collection":[{"href":"http:\/\/www.mirko-reifert.de\/index.php?rest_route=\/wp\/v2\/pages"}],"about":[{"href":"http:\/\/www.mirko-reifert.de\/index.php?rest_route=\/wp\/v2\/types\/page"}],"author":[{"embeddable":true,"href":"http:\/\/www.mirko-reifert.de\/index.php?rest_route=\/wp\/v2\/users\/3"}],"replies":[{"embeddable":true,"href":"http:\/\/www.mirko-reifert.de\/index.php?rest_route=%2Fwp%2Fv2%2Fcomments&post=489"}],"version-history":[{"count":18,"href":"http:\/\/www.mirko-reifert.de\/index.php?rest_route=\/wp\/v2\/pages\/489\/revisions"}],"predecessor-version":[{"id":2379,"href":"http:\/\/www.mirko-reifert.de\/index.php?rest_route=\/wp\/v2\/pages\/489\/revisions\/2379"}],"up":[{"embeddable":true,"href":"http:\/\/www.mirko-reifert.de\/index.php?rest_route=\/wp\/v2\/pages\/151"}],"wp:featuredmedia":[{"embeddable":true,"href":"http:\/\/www.mirko-reifert.de\/index.php?rest_route=\/wp\/v2\/media\/1686"}],"wp:attachment":[{"href":"http:\/\/www.mirko-reifert.de\/index.php?rest_route=%2Fwp%2Fv2%2Fmedia&parent=489"}],"curies":[{"name":"wp","href":"https:\/\/api.w.org\/{rel}","templated":true}]}}