{"id":476,"date":"2013-03-10T22:06:32","date_gmt":"2013-03-10T20:06:32","guid":{"rendered":"http:\/\/www.guenter-reifert.com\/?page_id=476"},"modified":"2017-09-29T12:41:13","modified_gmt":"2017-09-29T11:41:13","slug":"ms-43","status":"publish","type":"page","link":"http:\/\/www.mirko-reifert.de\/?page_id=476","title":{"rendered":"MS 43"},"content":{"rendered":"<h3>MS 43 Reifenmontierger\u00e4t<\/h3>\n<table border=\"0\">\n<tbody>\n<tr>\n<td style=\"width: 60%;\"><strong>[nggalbum id=14 template=extend]<\/strong><strong>Bitte anklicken zum Vergr\u00f6\u00dfern<\/strong><\/td>\n<td valign=\"top\">\n<h4><img loading=\"lazy\" decoding=\"async\" class=\"alignnone size-medium wp-image-1732\" alt=\"oragetblob\" src=\"http:\/\/www.guenter-reifert.com\/wp-content\/uploads\/oragetblob-300x64.jpg\" width=\"169\" height=\"45\" \/><\/h4>\n<h4>Downloads (PDF):<\/h4>\n<ul>\n<li><a href=\"http:\/\/www.guenter-reifert.com\/wp-content\/uploads\/Prospekt-MS43_DEEN_100201.pdf\">Prospekt_MS43<\/a><\/li>\n<\/ul>\n<\/td>\n<\/tr>\n<\/tbody>\n<\/table>\n<div style=\"display: none;\" class=\"fancybox-hidden\">\n<div id=\"contact_form_pop\" style=\"padding: 10px; background: #fff;\">\n<div>Sie m\u00f6chten ein individuelles Angebot f\u00fcr das Produkt: <strong>[insert_php]echo get_the_title();[\/insert_php]<\/strong><\/div>\n<div>Bitte tragen Sie <strong>Ihre Kontaktdaten<\/strong> in die nachfolgenden Felder ein.<\/div>\n<p>[contact-form-7 id=&#8220;1963&#8243; title=&#8220;Anfrage&#8220;]\n<\/p><\/div>\n<\/div>\n<p><a class=\"fancybox-inline\" href=\"#contact_form_pop\"><button>Angebot anfordern<\/button><\/a><\/p>\n<h4><strong>Highlights:<\/strong><\/h4>\n<ul>\n<li>Mechanisch schwenkbarer Montagearm (seitlich)<\/li>\n<li>Integrierter pneum. Reifenabdr\u00fccker<\/li>\n<li>Pneum. 4-Klauen Spannung<\/li>\n<li>Elektr. Vor- und R\u00fccklauf<\/li>\n<li>G\u00fcnstiges Preis \/ Leistungsverh\u00e4ltnis f\u00fcr Einsteiger<\/li>\n<\/ul>\n<p><strong>Freigaben \/ Empfehlungen:<\/strong><\/p>\n<p style=\"text-align: justify;\"><img loading=\"lazy\" decoding=\"async\" class=\"alignnone size-full wp-image-1570\" alt=\"Opel_Logo\" src=\"http:\/\/www.guenter-reifert.com\/wp-content\/uploads\/Opel_Logo.jpg\" width=\"50\" height=\"50\" \/><img loading=\"lazy\" decoding=\"async\" class=\"alignnone size-full wp-image-1564\" alt=\"Ford_logo\" src=\"http:\/\/www.guenter-reifert.com\/wp-content\/uploads\/Ford_logo.jpg\" width=\"50\" height=\"50\" \/><img loading=\"lazy\" decoding=\"async\" class=\"alignnone size-full wp-image-1571\" alt=\"Renault_logo\" src=\"http:\/\/www.guenter-reifert.com\/wp-content\/uploads\/Renault_logo.jpg\" width=\"50\" height=\"50\" \/><img loading=\"lazy\" decoding=\"async\" class=\"alignnone size-full wp-image-1582\" alt=\"volvo_logo\" src=\"http:\/\/www.guenter-reifert.com\/wp-content\/uploads\/volvo_logo1.jpg\" width=\"50\" height=\"50\" \/><img loading=\"lazy\" decoding=\"async\" class=\"alignnone size-full wp-image-1566\" alt=\"mazda_logo\" src=\"http:\/\/www.guenter-reifert.com\/wp-content\/uploads\/mazda_logo.jpg\" width=\"50\" height=\"50\" \/><\/p>\n<p><img loading=\"lazy\" decoding=\"async\" class=\"alignnone size-full wp-image-1576\" alt=\"toyota_logo\" src=\"http:\/\/www.guenter-reifert.com\/wp-content\/uploads\/toyota_logo.jpg\" width=\"50\" height=\"50\" \/><img loading=\"lazy\" decoding=\"async\" class=\"alignnone size-full wp-image-1565\" alt=\"Lexus_Logo\" src=\"http:\/\/www.guenter-reifert.com\/wp-content\/uploads\/Lexus_Logo.jpg\" width=\"50\" height=\"50\" \/><img loading=\"lazy\" decoding=\"async\" class=\"alignnone size-full wp-image-1563\" alt=\"citroen_logo\" src=\"http:\/\/www.guenter-reifert.com\/wp-content\/uploads\/citroen_logo.jpg\" width=\"50\" height=\"50\" \/><img loading=\"lazy\" decoding=\"async\" class=\"alignnone size-full wp-image-1581\" alt=\"daihatsu_logo1\" src=\"http:\/\/www.guenter-reifert.com\/wp-content\/uploads\/daihatsu_logo1.jpg\" width=\"50\" height=\"50\" \/><img loading=\"lazy\" decoding=\"async\" class=\"alignnone size-full wp-image-1572\" alt=\"Rolls_Royce_Logo\" src=\"http:\/\/www.guenter-reifert.com\/wp-content\/uploads\/Rolls_Royce_Logo.jpg\" width=\"50\" height=\"50\" \/><\/p>\n<h4><strong>Technische Daten:<\/strong><\/h4>\n<ul>\n<li>Felgenau\u00dfenspannung 10\u201c-20\u201c<\/li>\n<li>Felgeninnenspannung 10\u201c-22\u201c<\/li>\n<li>Felgenbreite 3\u201c-12\u201c<\/li>\n<li>Max. Raddurchmesser 1000 mm<\/li>\n<li>Spannteller- Drehgeschwindigkeit 8 UPM<\/li>\n<li>Abmessungen H\/B\/T 1740\/760\/950 mm<\/li>\n<\/ul>\n<h4><strong>Lieferumfang:<\/strong><\/h4>\n<ul>\n<li>Montiermaschine MS 43, inkl. Wartungseinheit, Anschluss: 3x400V\/50Hz; 8-12 bar<\/li>\n<li>Betriebsanleitung deutsch<\/li>\n<li>Betriebsanleitung englisch<\/li>\n<li>Kunststoff-Gleitst\u00fccke f\u00fcr den Montagekopf. Satz (5 Stk.)<\/li>\n<li>eichf\u00e4higer Hand-Reifenf\u00fcller<\/li>\n<li>Kunststoff-Schutzbacken &#8222;MS43-63&#8220; f\u00fcr den Einsatz an Alu-Felgen, Satz mit 4 St\u00fcck<\/li>\n<\/ul>\n<p><strong>\u00c4nderungen in der Technik und Ausstattung bleiben vorbehalten. Bilder k\u00f6nnen Sonderzubeh\u00f6r beinhalten.<\/strong><\/p>\n","protected":false},"excerpt":{"rendered":"<p>MS 43 Reifenmontierger\u00e4t [nggalbum id=14 template=extend]Bitte anklicken zum Vergr\u00f6\u00dfern Downloads (PDF): Prospekt_MS43 Sie m\u00f6chten ein individuelles Angebot f\u00fcr das Produkt: [insert_php]echo get_the_title();[\/insert_php] Bitte tragen Sie&hellip;<\/p>\n","protected":false},"author":3,"featured_media":852,"parent":151,"menu_order":0,"comment_status":"closed","ping_status":"closed","template":"","meta":{"footnotes":""},"class_list":["post-476","page","type-page","status-publish","has-post-thumbnail","hentry"],"_links":{"self":[{"href":"http:\/\/www.mirko-reifert.de\/index.php?rest_route=\/wp\/v2\/pages\/476","targetHints":{"allow":["GET"]}}],"collection":[{"href":"http:\/\/www.mirko-reifert.de\/index.php?rest_route=\/wp\/v2\/pages"}],"about":[{"href":"http:\/\/www.mirko-reifert.de\/index.php?rest_route=\/wp\/v2\/types\/page"}],"author":[{"embeddable":true,"href":"http:\/\/www.mirko-reifert.de\/index.php?rest_route=\/wp\/v2\/users\/3"}],"replies":[{"embeddable":true,"href":"http:\/\/www.mirko-reifert.de\/index.php?rest_route=%2Fwp%2Fv2%2Fcomments&post=476"}],"version-history":[{"count":14,"href":"http:\/\/www.mirko-reifert.de\/index.php?rest_route=\/wp\/v2\/pages\/476\/revisions"}],"predecessor-version":[{"id":2400,"href":"http:\/\/www.mirko-reifert.de\/index.php?rest_route=\/wp\/v2\/pages\/476\/revisions\/2400"}],"up":[{"embeddable":true,"href":"http:\/\/www.mirko-reifert.de\/index.php?rest_route=\/wp\/v2\/pages\/151"}],"wp:featuredmedia":[{"embeddable":true,"href":"http:\/\/www.mirko-reifert.de\/index.php?rest_route=\/wp\/v2\/media\/852"}],"wp:attachment":[{"href":"http:\/\/www.mirko-reifert.de\/index.php?rest_route=%2Fwp%2Fv2%2Fmedia&parent=476"}],"curies":[{"name":"wp","href":"https:\/\/api.w.org\/{rel}","templated":true}]}}