{"id":462,"date":"2013-03-10T21:58:19","date_gmt":"2013-03-10T19:58:19","guid":{"rendered":"http:\/\/www.guenter-reifert.com\/?page_id=462"},"modified":"2017-09-29T12:39:02","modified_gmt":"2017-09-29T11:39:02","slug":"mt-825","status":"publish","type":"page","link":"http:\/\/www.mirko-reifert.de\/?page_id=462","title":{"rendered":"MT 825"},"content":{"rendered":"<h3>MT 825 \/ 825 D \/ 825 DT Wuchtmaschine<\/h3>\n<table border=\"0\">\n<tbody>\n<tr>\n<td style=\"width: 60%;\"><strong>[nggalbum id=7 template=extend]<\/strong><strong>Bitte anklicken zum Vergr\u00f6\u00dfern<\/strong><\/td>\n<td valign=\"top\">\n<h4><img loading=\"lazy\" decoding=\"async\" class=\"alignnone size-medium wp-image-1732\" alt=\"oragetblob\" src=\"http:\/\/www.guenter-reifert.com\/wp-content\/uploads\/oragetblob-300x64.jpg\" width=\"169\" height=\"45\" \/><\/h4>\n<h4>Downloads (PDF):<\/h4>\n<ul>\n<li><a href=\"http:\/\/www.guenter-reifert.com\/wp-content\/uploads\/MT-825-DEEN-2008-07-03.pdf\">Prospekt_MT_825<\/a><\/li>\n<li><a href=\"http:\/\/www.guenter-reifert.com\/wp-content\/uploads\/Prospekt_MT825_DT_DEEN_100720.pdf\">Prospekt_MT825_DT<\/a><\/li>\n<\/ul>\n<\/td>\n<\/tr>\n<\/tbody>\n<\/table>\n<div style=\"display: none;\" class=\"fancybox-hidden\">\n<div id=\"contact_form_pop\" style=\"padding: 10px; background: #fff;\">\n<div>Sie m\u00f6chten ein individuelles Angebot f\u00fcr das Produkt: <strong>[insert_php]echo get_the_title();[\/insert_php]<\/strong><\/div>\n<div>Bitte tragen Sie <strong>Ihre Kontaktdaten<\/strong> in die nachfolgenden Felder ein.<\/div>\n<p>[contact-form-7 id=&#8220;1963&#8243; title=&#8220;Anfrage&#8220;]\n<\/p><\/div>\n<\/div>\n<p><a class=\"fancybox-inline\" href=\"#contact_form_pop\"><button>Angebot anfordern<\/button><\/a><\/p>\n<h4><strong>Highlights:<\/strong><\/h4>\n<ul>\n<li>sehr kompakte Bauweise<\/li>\n<li>Einsteigermodell in 3 Varianten<\/li>\n<li>kann alle Funktionen einer gr\u00f6\u00dferen Maschine mit einem Handgriff mehr<\/li>\n<li>sehr gutes Preis-Leistungsverh\u00e4ltnis<\/li>\n<\/ul>\n<h4><strong>Ausstattungsvarianten:<\/strong><\/h4>\n<h4><strong>MT 825 manuelle Raddateneingabe<\/strong><\/h4>\n<h4><strong>MT 825 D mit elektronischen inneren Datenarm<\/strong><\/h4>\n<h4><strong>MT 825 DT mit elektronischen Datenarm und TFT-Monitor<\/strong><\/h4>\n<h4><strong>Freigaben \/ Empfehlungen:<\/strong><\/h4>\n<p style=\"text-align: justify;\"><span style=\"color: #333333;\"><img loading=\"lazy\" decoding=\"async\" class=\"alignnone size-full wp-image-1568\" alt=\"BMW\" src=\"http:\/\/www.guenter-reifert.com\/wp-content\/uploads\/BMW_logo1.jpg\" width=\"50\" height=\"50\" \/><img loading=\"lazy\" decoding=\"async\" class=\"alignnone size-full wp-image-1568\" alt=\"Mini\" src=\"http:\/\/www.guenter-reifert.com\/wp-content\/uploads\/Mini_Logo.jpg\" width=\"50\" height=\"50\" \/><br \/>\n<\/span><\/p>\n<p style=\"text-align: justify;\"><img loading=\"lazy\" decoding=\"async\" class=\"alignnone size-full wp-image-1567\" alt=\"Mercedes_Benz_Logo\" src=\"http:\/\/www.guenter-reifert.com\/wp-content\/uploads\/Mercedes_Benz_Logo.jpg\" width=\"50\" height=\"50\" \/><img loading=\"lazy\" decoding=\"async\" class=\"alignnone size-full wp-image-1575\" alt=\"smart_logo\" src=\"http:\/\/www.guenter-reifert.com\/wp-content\/uploads\/smart_logo.jpg\" width=\"50\" height=\"50\" \/><\/p>\n<p style=\"text-align: justify;\"><img loading=\"lazy\" decoding=\"async\" class=\"alignnone size-full wp-image-1578\" alt=\"vw_logo\" src=\"http:\/\/www.guenter-reifert.com\/wp-content\/uploads\/vw_logo1.jpg\" width=\"50\" height=\"50\" \/><img loading=\"lazy\" decoding=\"async\" class=\"alignnone size-full wp-image-1561\" alt=\"Audi_logo\" src=\"http:\/\/www.guenter-reifert.com\/wp-content\/uploads\/Audi_logo.jpg\" width=\"50\" height=\"50\" \/><img loading=\"lazy\" decoding=\"async\" class=\"alignnone size-full wp-image-1574\" alt=\"skoda_logo\" src=\"http:\/\/www.guenter-reifert.com\/wp-content\/uploads\/skoda_logo.jpg\" width=\"50\" height=\"50\" \/><img loading=\"lazy\" decoding=\"async\" class=\"alignnone size-full wp-image-1573\" alt=\"seat_logo\" src=\"http:\/\/www.guenter-reifert.com\/wp-content\/uploads\/seat_logo.jpg\" width=\"50\" height=\"50\" \/><\/p>\n<p style=\"text-align: justify;\"><img loading=\"lazy\" decoding=\"async\" class=\"alignnone size-full wp-image-1570\" alt=\"Opel_Logo\" src=\"http:\/\/www.guenter-reifert.com\/wp-content\/uploads\/Opel_Logo.jpg\" width=\"50\" height=\"50\" \/><img loading=\"lazy\" decoding=\"async\" class=\"alignnone size-full wp-image-1564\" alt=\"Ford_logo\" src=\"http:\/\/www.guenter-reifert.com\/wp-content\/uploads\/Ford_logo.jpg\" width=\"50\" height=\"50\" \/><img loading=\"lazy\" decoding=\"async\" class=\"alignnone size-full wp-image-1571\" alt=\"Renault_logo\" src=\"http:\/\/www.guenter-reifert.com\/wp-content\/uploads\/Renault_logo.jpg\" width=\"50\" height=\"50\" \/><img loading=\"lazy\" decoding=\"async\" class=\"alignnone size-full wp-image-1582\" alt=\"volvo_logo\" src=\"http:\/\/www.guenter-reifert.com\/wp-content\/uploads\/volvo_logo1.jpg\" width=\"50\" height=\"50\" \/><img loading=\"lazy\" decoding=\"async\" class=\"alignnone size-full wp-image-1566\" alt=\"mazda_logo\" src=\"http:\/\/www.guenter-reifert.com\/wp-content\/uploads\/mazda_logo.jpg\" width=\"50\" height=\"50\" \/><\/p>\n<p><img loading=\"lazy\" decoding=\"async\" class=\"alignnone size-full wp-image-1576\" alt=\"toyota_logo\" src=\"http:\/\/www.guenter-reifert.com\/wp-content\/uploads\/toyota_logo.jpg\" width=\"50\" height=\"50\" \/><img loading=\"lazy\" decoding=\"async\" class=\"alignnone size-full wp-image-1565\" alt=\"Lexus_Logo\" src=\"http:\/\/www.guenter-reifert.com\/wp-content\/uploads\/Lexus_Logo.jpg\" width=\"50\" height=\"50\" \/><img loading=\"lazy\" decoding=\"async\" class=\"alignnone size-full wp-image-1563\" alt=\"citroen_logo\" src=\"http:\/\/www.guenter-reifert.com\/wp-content\/uploads\/citroen_logo.jpg\" width=\"50\" height=\"50\" \/><img loading=\"lazy\" decoding=\"async\" class=\"alignnone size-full wp-image-1581\" alt=\"daihatsu_logo1\" src=\"http:\/\/www.guenter-reifert.com\/wp-content\/uploads\/daihatsu_logo1.jpg\" width=\"50\" height=\"50\" \/><img loading=\"lazy\" decoding=\"async\" class=\"alignnone size-full wp-image-1572\" alt=\"Rolls_Royce_Logo\" src=\"http:\/\/www.guenter-reifert.com\/wp-content\/uploads\/Rolls_Royce_Logo.jpg\" width=\"50\" height=\"50\" \/><\/p>\n<h4><strong>Detail-Info<\/strong><\/h4>\n<ul>\n<li>11 Auswuchtprogramme f\u00fcr Auto- und Motorradfelgen<\/li>\n<li>Elektronischer Abtastarm f\u00fcr Felgenabstand und -durchmesser (nur Modell 825 D \/ DT)<\/li>\n<li>Automatischer Messlauf mit Doppel-LED-Display Anzeige und LED-Einweispfeilen<\/li>\n<li>einfache Anbringung aller versteckten Klebe-gewichte mittels optischer\/akustischer Bediener\u00acf\u00fchrung per elektronischem Easyfit-Datenarm (nur Modell 825 D \/ DT)<\/li>\n<li>Splitprogramm zur exakten Platzierung der Gewichte hinter Speichen<\/li>\n<li>Integriertes Match-Programm und vieles mehr<\/li>\n<li>Pedalbremse zur Fixierung der Welle beim Radaufspannen oder Unwuchtausgleich<\/li>\n<li>Radschutzbogen mit elektrischer Verriegelung f\u00fcr Automatikstart umschaltbar auf Tastenstart.<\/li>\n<\/ul>\n<p><strong>Macht es einfach:<\/strong>der elektronische easyfit-Datenarm f\u00fcr die versteckte Anbringung von Klebe-gewichten (nur MT 825 D \/ DT).<\/p>\n<p><strong>Perfekt f\u00fcr den Motorrad-Radwuchtservice:<\/strong> die kompakte MT 825 D mit Zweiradflansch.<\/p>\n<h4><strong>Technische Daten:<\/strong><\/h4>\n<ul>\n<li>Felgenbreite 2 \u2013 16\u201c<\/li>\n<li>Max. Radbreite 500 mm<\/li>\n<li>Felgendurchmesser 8 \u2013 26\u201c<\/li>\n<li>Max. Raddurchmesser 820 mm<\/li>\n<li>Max. Radgewicht 65 kg<\/li>\n<\/ul>\n<h4><strong>Motor:<\/strong><\/h4>\n<ul>\n<li>Stromversorgung (andere Spannungen auf Anfrage) 1~ 230V, 50 \u2013 60Hz<\/li>\n<li>Auswuchtgeschwindigkeit 167 U\/min (50Hz); 200 U\/min (60Hz)<\/li>\n<\/ul>\n<h4><strong>Abmessungen:<\/strong><\/h4>\n<ul>\n<li>Max. H\u00f6he (Radschutz-vorrichtung ge\u00f6ffnet) 1.300 mm<\/li>\n<li>Max. Tiefe (Radschutz-\u00f6ffnung geschlossen) 1.000 mm<\/li>\n<li>Breite 1.035 mm<\/li>\n<\/ul>\n<h4><strong>Gewicht\/Farbe:<\/strong><\/h4>\n<ul>\n<li>Bruttogewicht 105 kg<\/li>\n<li>Lackierung Blau RAL 5015, Grau RAL 7011<\/li>\n<\/ul>\n<p><strong>\u00c4nderungen in der Technik und Ausstattung bleiben vorbehalten. Bilder k\u00f6nnen Sonderzubeh\u00f6r beinhalten.<\/strong><\/p>\n","protected":false},"excerpt":{"rendered":"<p>MT 825 \/ 825 D \/ 825 DT Wuchtmaschine [nggalbum id=7 template=extend]Bitte anklicken zum Vergr\u00f6\u00dfern Downloads (PDF): Prospekt_MT_825 Prospekt_MT825_DT Sie m\u00f6chten ein individuelles Angebot f\u00fcr&hellip;<\/p>\n","protected":false},"author":3,"featured_media":900,"parent":147,"menu_order":1,"comment_status":"closed","ping_status":"closed","template":"","meta":{"footnotes":""},"class_list":["post-462","page","type-page","status-publish","has-post-thumbnail","hentry"],"_links":{"self":[{"href":"http:\/\/www.mirko-reifert.de\/index.php?rest_route=\/wp\/v2\/pages\/462","targetHints":{"allow":["GET"]}}],"collection":[{"href":"http:\/\/www.mirko-reifert.de\/index.php?rest_route=\/wp\/v2\/pages"}],"about":[{"href":"http:\/\/www.mirko-reifert.de\/index.php?rest_route=\/wp\/v2\/types\/page"}],"author":[{"embeddable":true,"href":"http:\/\/www.mirko-reifert.de\/index.php?rest_route=\/wp\/v2\/users\/3"}],"replies":[{"embeddable":true,"href":"http:\/\/www.mirko-reifert.de\/index.php?rest_route=%2Fwp%2Fv2%2Fcomments&post=462"}],"version-history":[{"count":23,"href":"http:\/\/www.mirko-reifert.de\/index.php?rest_route=\/wp\/v2\/pages\/462\/revisions"}],"predecessor-version":[{"id":2366,"href":"http:\/\/www.mirko-reifert.de\/index.php?rest_route=\/wp\/v2\/pages\/462\/revisions\/2366"}],"up":[{"embeddable":true,"href":"http:\/\/www.mirko-reifert.de\/index.php?rest_route=\/wp\/v2\/pages\/147"}],"wp:featuredmedia":[{"embeddable":true,"href":"http:\/\/www.mirko-reifert.de\/index.php?rest_route=\/wp\/v2\/media\/900"}],"wp:attachment":[{"href":"http:\/\/www.mirko-reifert.de\/index.php?rest_route=%2Fwp%2Fv2%2Fmedia&parent=462"}],"curies":[{"name":"wp","href":"https:\/\/api.w.org\/{rel}","templated":true}]}}